{"id":10682,"date":"2021-04-30T10:45:35","date_gmt":"2021-04-30T08:45:35","guid":{"rendered":"https:\/\/www.souki-lodges.com\/?page_id=10682"},"modified":"2022-06-30T17:30:34","modified_gmt":"2022-06-30T15:30:34","slug":"plan-de-site-nuit-romantique-avec-jacuzzi-herault","status":"publish","type":"page","link":"https:\/\/www.souki-lodges.com\/fr\/plan-de-site-nuit-romantique-avec-jacuzzi-herault\/","title":{"rendered":"Plan de site"},"content":{"rendered":"<p>[et_pb_section fb_built=\u00a0\u00bb1&Prime; admin_label=\u00a0\u00bbheader\u00a0\u00bb _builder_version=\u00a0\u00bb4.16&Prime; _module_preset=\u00a0\u00bb498d4a32-0a40-4f90-b1f1-2157b9f38fff\u00a0\u00bb global_colors_info=\u00a0\u00bb{}\u00a0\u00bb][et_pb_row column_structure=\u00a0\u00bb1_2,1_2&Prime; _builder_version=\u00a0\u00bb4.16&Prime; _module_preset=\u00a0\u00bb3fe01799-006f-4d98-841c-ea991de899ca\u00a0\u00bb global_colors_info=\u00a0\u00bb{}\u00a0\u00bb][et_pb_column type=\u00a0\u00bb1_2&Prime; _builder_version=\u00a0\u00bb4.16&Prime; _module_preset=\u00a0\u00bb82c7ee65-f43b-4275-a772-965e0c63700b\u00a0\u00bb background_image=\u00a0\u00bbhttps:\/\/www.souki-lodges.com\/wp-content\/uploads\/2021\/04\/SOUKI_300dpi-12.jpg\u00a0\u00bb global_colors_info=\u00a0\u00bb{}\u00a0\u00bb][et_pb_image src=\u00a0\u00bbhttps:\/\/www.souki-lodges.com\/wp-content\/uploads\/2021\/04\/logo-souki-white.svg\u00a0\u00bb title_text=\u00a0\u00bblogo-souki-white\u00a0\u00bb admin_label=\u00a0\u00bblogo\u00a0\u00bb _builder_version=\u00a0\u00bb4.16&Prime; _module_preset=\u00a0\u00bbb1da5153-c00b-40c4-aed3-3b5a5fa8c1f0&Prime; global_colors_info=\u00a0\u00bb{}\u00a0\u00bb][\/et_pb_image][et_pb_text admin_label=\u00a0\u00bbr\u00e9f\u00e9rencement Google\u00a0\u00bb _builder_version=\u00a0\u00bb4.16&Prime; _module_preset=\u00a0\u00bb278ec673-4a98-44dc-838b-0ec18ed7fa40&Prime; global_colors_info=\u00a0\u00bb{}\u00a0\u00bb]<\/p>\n<h1>Nuit romantique avec Jacuzzi dans l&rsquo;H\u00e9rault<\/h1>\n<p>[\/et_pb_text][\/et_pb_column][et_pb_column type=\u00a0\u00bb1_2&Prime; _builder_version=\u00a0\u00bb4.16&Prime; _module_preset=\u00a0\u00bb3bbadd29-d930-4199-a049-19978a42d5f5&Prime; global_colors_info=\u00a0\u00bb{}\u00a0\u00bb][et_pb_text content_tablet=\u00a0\u00bb<\/p>\n<h2>Une exp\u00e9rience au coeur d&rsquo;une nature brute et pr\u00e9serv\u00e9e<\/h2>\n<p>\u00a0\u00bb content_phone=\u00a0\u00bb<\/p>\n<h2>Une exp\u00e9rience au coeur d&rsquo;une nature brute et pr\u00e9serv\u00e9e<\/h2>\n<p>\u00a0\u00bb content_last_edited=\u00a0\u00bboff|desktop\u00a0\u00bb admin_label=\u00a0\u00bbaccroche commerciale\u00a0\u00bb _builder_version=\u00a0\u00bb4.16&Prime; _module_preset=\u00a0\u00bbe8289335-095f-451a-92a1-2a34abc1e8d6&Prime; global_colors_info=\u00a0\u00bb{}\u00a0\u00bb]<\/p>\n<h2><span>Plan de site<\/span><\/h2>\n<p>[\/et_pb_text][et_pb_divider _builder_version=\u00a0\u00bb4.16&Prime; _module_preset=\u00a0\u00bba78fee7e-9fc2-4958-a652-269be0f4ef62&Prime; custom_margin=\u00a0\u00bb5vh||5vh||true|false\u00a0\u00bb global_colors_info=\u00a0\u00bb{}\u00a0\u00bb][\/et_pb_divider][et_pb_text ul_type=\u00a0\u00bbnone\u00a0\u00bb admin_label=\u00a0\u00bbtext\u00a0\u00bb _builder_version=\u00a0\u00bb4.16&Prime; _module_preset=\u00a0\u00bb86d376b7-59ea-40d8-b7a3-978c9614bb45&Prime; ul_line_height=\u00a0\u00bb2em\u00a0\u00bb global_colors_info=\u00a0\u00bb{}\u00a0\u00bb link_text_color__hover_enabled=\u00a0\u00bbon|hover\u00a0\u00bb]<\/p>\n<div class=\"wsp-container\"><ul class=\"wsp-pages-list\">\n<li class=\"page_item page-item-13614\"><a href=\"https:\/\/www.souki-lodges.com\/fr\/politique-de-cookies-ue\/\">Politique de cookies (UE)<\/a><\/li>\n<li class=\"page_item page-item-10963\"><a href=\"https:\/\/www.souki-lodges.com\/fr\/\">Accueil<\/a><\/li>\n<li class=\"page_item page-item-907\"><a href=\"https:\/\/www.souki-lodges.com\/fr\/les-lodges-nuit-insolite-montpellier-herault\/\">Les Lodges<\/a><\/li>\n<li class=\"page_item page-item-1104\"><a href=\"https:\/\/www.souki-lodges.com\/fr\/prestations-et-services-hebergement-insolite-montpellier\/\">Prestations &#038; Services<\/a><\/li>\n<li class=\"page_item page-item-1159\"><a href=\"https:\/\/www.souki-lodges.com\/fr\/activites-et-decouvertes-sejour-insolite-occitanie\/\">Activit\u00e9s &#038; D\u00e9couvertes<\/a><\/li>\n<li class=\"page_item page-item-1375\"><a href=\"https:\/\/www.souki-lodges.com\/fr\/contact-et-acces-nuit-insolite-languedoc-roussillon\/\">Contact<\/a><\/li>\n<li class=\"page_item page-item-1240\"><a href=\"https:\/\/www.souki-lodges.com\/fr\/offres-et-packages-logement-insolite-herault\/\">Offres &#038; Packages<\/a><\/li>\n<li class=\"page_item page-item-1322\"><a href=\"https:\/\/www.souki-lodges.com\/fr\/galerie-media-logement-insolite-montpellier\/\">Galerie m\u00e9dia<\/a><\/li>\n<li class=\"page_item page-item-10494\"><a href=\"https:\/\/www.souki-lodges.com\/fr\/presse-logement-insolite-languedoc-roussillon\/\">Presse<\/a><\/li>\n<li class=\"page_item page-item-10656\"><a href=\"https:\/\/www.souki-lodges.com\/fr\/conditions-generales-d-utilisation\/\">Conditions G\u00e9n\u00e9rales d&rsquo;Utilisation<\/a><\/li>\n<li class=\"page_item page-item-10668\"><a href=\"https:\/\/www.souki-lodges.com\/fr\/politique-de-confidentialite\/\">Politique de Confidentialit\u00e9<\/a><\/li>\n<li class=\"page_item page-item-10672\"><a href=\"https:\/\/www.souki-lodges.com\/fr\/politique-en-matiere-de-cookies\/\">Politique en mati\u00e8re de Cookies<\/a><\/li>\n<li class=\"page_item page-item-10555\"><a href=\"https:\/\/www.souki-lodges.com\/fr\/faq-logement-atypique-occitanie\/\">FAQ<\/a><\/li>\n<li class=\"page_item page-item-10682\"><a href=\"https:\/\/www.souki-lodges.com\/fr\/plan-de-site-nuit-romantique-avec-jacuzzi-herault\/\">Plan de site<\/a><\/li>\n<li class=\"page_item page-item-10677\"><a href=\"https:\/\/www.souki-lodges.com\/fr\/formulaire-rgpd\/\">Droits Relatifs \u00e0 la Protection de votre Vie Priv\u00e9e<\/a><\/li>\n<\/ul>\n<\/div>\n<p>[\/et_pb_text][\/et_pb_column][\/et_pb_row][\/et_pb_section][et_pb_section fb_built=\u00a0\u00bb1&Prime; admin_label=\u00a0\u00bbambiance\u00a0\u00bb _builder_version=\u00a0\u00bb4.16&Prime; _module_preset=\u00a0\u00bbcb732567-e794-4fdc-8fb9-c1f372fa5bc0&Prime; background_image=\u00a0\u00bbhttps:\/\/www.souki-lodges.com\/wp-content\/uploads\/2021\/04\/gautier-pfeiffer-F2_iL1C8sN0-unsplash.jpg\u00a0\u00bb parallax=\u00a0\u00bbon\u00a0\u00bb parallax_method=\u00a0\u00bboff\u00a0\u00bb global_colors_info=\u00a0\u00bb{}\u00a0\u00bb][et_pb_row _builder_version=\u00a0\u00bb4.16&Prime; _module_preset=\u00a0\u00bbd523c1ac-112a-42d2-8db5-c0f76ce31c51&Prime; global_colors_info=\u00a0\u00bb{}\u00a0\u00bb][et_pb_column type=\u00a0\u00bb4_4&Prime; _builder_version=\u00a0\u00bb4.16&Prime; _module_preset=\u00a0\u00bbdefault\u00a0\u00bb global_colors_info=\u00a0\u00bb{}\u00a0\u00bb][\/et_pb_column][\/et_pb_row][\/et_pb_section]<\/p>\n","protected":false},"excerpt":{"rendered":"<p>Nuit romantique avec Jacuzzi dans l&rsquo;H\u00e9raultPlan de site<div class=\"wsp-container\"><ul class=\"wsp-pages-list\">\n<li class=\"page_item page-item-13614\"><a href=\"https:\/\/www.souki-lodges.com\/fr\/politique-de-cookies-ue\/\">Politique de cookies (UE)<\/a><\/li>\n<li class=\"page_item page-item-10963\"><a href=\"https:\/\/www.souki-lodges.com\/fr\/\">Accueil<\/a><\/li>\n<li class=\"page_item page-item-907\"><a href=\"https:\/\/www.souki-lodges.com\/fr\/les-lodges-nuit-insolite-montpellier-herault\/\">Les Lodges<\/a><\/li>\n<li class=\"page_item page-item-1104\"><a href=\"https:\/\/www.souki-lodges.com\/fr\/prestations-et-services-hebergement-insolite-montpellier\/\">Prestations &#038; Services<\/a><\/li>\n<li class=\"page_item page-item-1159\"><a href=\"https:\/\/www.souki-lodges.com\/fr\/activites-et-decouvertes-sejour-insolite-occitanie\/\">Activit\u00e9s &#038; D\u00e9couvertes<\/a><\/li>\n<li class=\"page_item page-item-1375\"><a href=\"https:\/\/www.souki-lodges.com\/fr\/contact-et-acces-nuit-insolite-languedoc-roussillon\/\">Contact<\/a><\/li>\n<li class=\"page_item page-item-1240\"><a href=\"https:\/\/www.souki-lodges.com\/fr\/offres-et-packages-logement-insolite-herault\/\">Offres &#038; Packages<\/a><\/li>\n<li class=\"page_item page-item-1322\"><a href=\"https:\/\/www.souki-lodges.com\/fr\/galerie-media-logement-insolite-montpellier\/\">Galerie m\u00e9dia<\/a><\/li>\n<li class=\"page_item page-item-10494\"><a href=\"https:\/\/www.souki-lodges.com\/fr\/presse-logement-insolite-languedoc-roussillon\/\">Presse<\/a><\/li>\n<li class=\"page_item page-item-10656\"><a href=\"https:\/\/www.souki-lodges.com\/fr\/conditions-generales-d-utilisation\/\">Conditions G\u00e9n\u00e9rales d&rsquo;Utilisation<\/a><\/li>\n<li class=\"page_item page-item-10668\"><a href=\"https:\/\/www.souki-lodges.com\/fr\/politique-de-confidentialite\/\">Politique de Confidentialit\u00e9<\/a><\/li>\n<li class=\"page_item page-item-10672\"><a href=\"https:\/\/www.souki-lodges.com\/fr\/politique-en-matiere-de-cookies\/\">Politique en mati\u00e8re de Cookies<\/a><\/li>\n<li class=\"page_item page-item-10555\"><a href=\"https:\/\/www.souki-lodges.com\/fr\/faq-logement-atypique-occitanie\/\">FAQ<\/a><\/li>\n<li class=\"page_item page-item-10682\"><a href=\"https:\/\/www.souki-lodges.com\/fr\/plan-de-site-nuit-romantique-avec-jacuzzi-herault\/\">Plan de site<\/a><\/li>\n<li class=\"page_item page-item-10677\"><a href=\"https:\/\/www.souki-lodges.com\/fr\/formulaire-rgpd\/\">Droits Relatifs \u00e0 la Protection de votre Vie Priv\u00e9e<\/a><\/li>\n<\/ul>\n<\/div><\/p>\n","protected":false},"author":1,"featured_media":0,"parent":0,"menu_order":13,"comment_status":"closed","ping_status":"closed","template":"","meta":{"_et_pb_use_builder":"on","_et_pb_old_content":"","_et_gb_content_width":"","inline_featured_image":false,"footnotes":""},"class_list":["post-10682","page","type-page","status-publish","hentry"],"yoast_head":"<!-- This site is optimized with the Yoast SEO plugin v20.3 - https:\/\/yoast.com\/wordpress\/plugins\/seo\/ -->\n<title>~ Plan de Site | Nuit Romantique avec Jacuzzi H\u00e9rault | Souki Lodges<\/title>\n<meta name=\"description\" content=\"Site Officiel \u2705 Retrouvez l&#039;ensemble des pages pr\u00e9sentes sur le site web https:\/\/www.souki-lodges.com. Souki Lodges, nuit romantique avec jacuzzi H\u00e9rault.\" \/>\n<meta name=\"robots\" content=\"index, follow, max-snippet:-1, max-image-preview:large, max-video-preview:-1\" \/>\n<link rel=\"canonical\" href=\"https:\/\/www.souki-lodges.com\/fr\/plan-de-site-nuit-romantique-avec-jacuzzi-herault\/\" \/>\n<meta property=\"og:locale\" content=\"fr_FR\" \/>\n<meta property=\"og:type\" content=\"article\" \/>\n<meta property=\"og:title\" content=\"~ Plan de Site | Nuit Romantique avec Jacuzzi H\u00e9rault | Souki Lodges\" \/>\n<meta property=\"og:description\" content=\"Site Officiel \u2705 Retrouvez l&#039;ensemble des pages pr\u00e9sentes sur le site web https:\/\/www.souki-lodges.com. Souki Lodges, nuit romantique avec jacuzzi H\u00e9rault.\" \/>\n<meta property=\"og:url\" content=\"https:\/\/www.souki-lodges.com\/fr\/plan-de-site-nuit-romantique-avec-jacuzzi-herault\/\" \/>\n<meta property=\"og:site_name\" content=\"Souki Lodges &amp; Spa\" \/>\n<meta property=\"article:publisher\" content=\"https:\/\/www.facebook.com\/SoukiLodges\/\" \/>\n<meta property=\"article:modified_time\" content=\"2022-06-30T15:30:34+00:00\" \/>\n<meta name=\"twitter:card\" content=\"summary_large_image\" \/>\n<meta name=\"twitter:label1\" content=\"Dur\u00e9e de lecture estim\u00e9e\" \/>\n\t<meta name=\"twitter:data1\" content=\"1 minute\" \/>\n<script type=\"application\/ld+json\" class=\"yoast-schema-graph\">{\"@context\":\"https:\/\/schema.org\",\"@graph\":[{\"@type\":\"WebPage\",\"@id\":\"https:\/\/www.souki-lodges.com\/fr\/plan-de-site-nuit-romantique-avec-jacuzzi-herault\/\",\"url\":\"https:\/\/www.souki-lodges.com\/fr\/plan-de-site-nuit-romantique-avec-jacuzzi-herault\/\",\"name\":\"~ Plan de Site | Nuit Romantique avec Jacuzzi H\u00e9rault | Souki Lodges\",\"isPartOf\":{\"@id\":\"https:\/\/www.souki-lodges.com\/fr\/#website\"},\"datePublished\":\"2021-04-30T08:45:35+00:00\",\"dateModified\":\"2022-06-30T15:30:34+00:00\",\"description\":\"Site Officiel \u2705 Retrouvez l'ensemble des pages pr\u00e9sentes sur le site web https:\/\/www.souki-lodges.com. Souki Lodges, nuit romantique avec jacuzzi H\u00e9rault.\",\"breadcrumb\":{\"@id\":\"https:\/\/www.souki-lodges.com\/fr\/plan-de-site-nuit-romantique-avec-jacuzzi-herault\/#breadcrumb\"},\"inLanguage\":\"fr-FR\",\"potentialAction\":[{\"@type\":\"ReadAction\",\"target\":[\"https:\/\/www.souki-lodges.com\/fr\/plan-de-site-nuit-romantique-avec-jacuzzi-herault\/\"]}]},{\"@type\":\"BreadcrumbList\",\"@id\":\"https:\/\/www.souki-lodges.com\/fr\/plan-de-site-nuit-romantique-avec-jacuzzi-herault\/#breadcrumb\",\"itemListElement\":[{\"@type\":\"ListItem\",\"position\":1,\"name\":\"Home\",\"item\":\"https:\/\/www.souki-lodges.com\/fr\/\"},{\"@type\":\"ListItem\",\"position\":2,\"name\":\"Plan de site\"}]},{\"@type\":\"WebSite\",\"@id\":\"https:\/\/www.souki-lodges.com\/fr\/#website\",\"url\":\"https:\/\/www.souki-lodges.com\/fr\/\",\"name\":\"Souki Lodges &amp; Spa\",\"description\":\"Lodges au c\u0153ur de la nature\",\"publisher\":{\"@id\":\"https:\/\/www.souki-lodges.com\/fr\/#organization\"},\"potentialAction\":[{\"@type\":\"SearchAction\",\"target\":{\"@type\":\"EntryPoint\",\"urlTemplate\":\"https:\/\/www.souki-lodges.com\/fr\/?s={search_term_string}\"},\"query-input\":\"required name=search_term_string\"}],\"inLanguage\":\"fr-FR\"},{\"@type\":\"Organization\",\"@id\":\"https:\/\/www.souki-lodges.com\/fr\/#organization\",\"name\":\"Souki Lodges\",\"url\":\"https:\/\/www.souki-lodges.com\/fr\/\",\"logo\":{\"@type\":\"ImageObject\",\"inLanguage\":\"fr-FR\",\"@id\":\"https:\/\/www.souki-lodges.com\/fr\/#\/schema\/logo\/image\/\",\"url\":\"https:\/\/www.souki-lodges.com\/wp-content\/uploads\/2021\/12\/EXE-LOGO_SOUKI-NOIR.png\",\"contentUrl\":\"https:\/\/www.souki-lodges.com\/wp-content\/uploads\/2021\/12\/EXE-LOGO_SOUKI-NOIR.png\",\"width\":1773,\"height\":1772,\"caption\":\"Souki Lodges\"},\"image\":{\"@id\":\"https:\/\/www.souki-lodges.com\/fr\/#\/schema\/logo\/image\/\"},\"sameAs\":[\"https:\/\/www.facebook.com\/SoukiLodges\/\",\"https:\/\/www.instagram.com\/soukilodgesspa\/\"]}]}<\/script>\n<!-- \/ Yoast SEO plugin. -->","yoast_head_json":{"title":"~ Plan de Site | Nuit Romantique avec Jacuzzi H\u00e9rault | Souki Lodges","description":"Site Officiel \u2705 Retrouvez l'ensemble des pages pr\u00e9sentes sur le site web https:\/\/www.souki-lodges.com. Souki Lodges, nuit romantique avec jacuzzi H\u00e9rault.","robots":{"index":"index","follow":"follow","max-snippet":"max-snippet:-1","max-image-preview":"max-image-preview:large","max-video-preview":"max-video-preview:-1"},"canonical":"https:\/\/www.souki-lodges.com\/fr\/plan-de-site-nuit-romantique-avec-jacuzzi-herault\/","og_locale":"fr_FR","og_type":"article","og_title":"~ Plan de Site | Nuit Romantique avec Jacuzzi H\u00e9rault | Souki Lodges","og_description":"Site Officiel \u2705 Retrouvez l'ensemble des pages pr\u00e9sentes sur le site web https:\/\/www.souki-lodges.com. Souki Lodges, nuit romantique avec jacuzzi H\u00e9rault.","og_url":"https:\/\/www.souki-lodges.com\/fr\/plan-de-site-nuit-romantique-avec-jacuzzi-herault\/","og_site_name":"Souki Lodges &amp; Spa","article_publisher":"https:\/\/www.facebook.com\/SoukiLodges\/","article_modified_time":"2022-06-30T15:30:34+00:00","twitter_card":"summary_large_image","twitter_misc":{"Dur\u00e9e de lecture estim\u00e9e":"1 minute"},"schema":{"@context":"https:\/\/schema.org","@graph":[{"@type":"WebPage","@id":"https:\/\/www.souki-lodges.com\/fr\/plan-de-site-nuit-romantique-avec-jacuzzi-herault\/","url":"https:\/\/www.souki-lodges.com\/fr\/plan-de-site-nuit-romantique-avec-jacuzzi-herault\/","name":"~ Plan de Site | Nuit Romantique avec Jacuzzi H\u00e9rault | Souki Lodges","isPartOf":{"@id":"https:\/\/www.souki-lodges.com\/fr\/#website"},"datePublished":"2021-04-30T08:45:35+00:00","dateModified":"2022-06-30T15:30:34+00:00","description":"Site Officiel \u2705 Retrouvez l'ensemble des pages pr\u00e9sentes sur le site web https:\/\/www.souki-lodges.com. Souki Lodges, nuit romantique avec jacuzzi H\u00e9rault.","breadcrumb":{"@id":"https:\/\/www.souki-lodges.com\/fr\/plan-de-site-nuit-romantique-avec-jacuzzi-herault\/#breadcrumb"},"inLanguage":"fr-FR","potentialAction":[{"@type":"ReadAction","target":["https:\/\/www.souki-lodges.com\/fr\/plan-de-site-nuit-romantique-avec-jacuzzi-herault\/"]}]},{"@type":"BreadcrumbList","@id":"https:\/\/www.souki-lodges.com\/fr\/plan-de-site-nuit-romantique-avec-jacuzzi-herault\/#breadcrumb","itemListElement":[{"@type":"ListItem","position":1,"name":"Home","item":"https:\/\/www.souki-lodges.com\/fr\/"},{"@type":"ListItem","position":2,"name":"Plan de site"}]},{"@type":"WebSite","@id":"https:\/\/www.souki-lodges.com\/fr\/#website","url":"https:\/\/www.souki-lodges.com\/fr\/","name":"Souki Lodges &amp; Spa","description":"Lodges au c\u0153ur de la nature","publisher":{"@id":"https:\/\/www.souki-lodges.com\/fr\/#organization"},"potentialAction":[{"@type":"SearchAction","target":{"@type":"EntryPoint","urlTemplate":"https:\/\/www.souki-lodges.com\/fr\/?s={search_term_string}"},"query-input":"required name=search_term_string"}],"inLanguage":"fr-FR"},{"@type":"Organization","@id":"https:\/\/www.souki-lodges.com\/fr\/#organization","name":"Souki Lodges","url":"https:\/\/www.souki-lodges.com\/fr\/","logo":{"@type":"ImageObject","inLanguage":"fr-FR","@id":"https:\/\/www.souki-lodges.com\/fr\/#\/schema\/logo\/image\/","url":"https:\/\/www.souki-lodges.com\/wp-content\/uploads\/2021\/12\/EXE-LOGO_SOUKI-NOIR.png","contentUrl":"https:\/\/www.souki-lodges.com\/wp-content\/uploads\/2021\/12\/EXE-LOGO_SOUKI-NOIR.png","width":1773,"height":1772,"caption":"Souki Lodges"},"image":{"@id":"https:\/\/www.souki-lodges.com\/fr\/#\/schema\/logo\/image\/"},"sameAs":["https:\/\/www.facebook.com\/SoukiLodges\/","https:\/\/www.instagram.com\/soukilodgesspa\/"]}]}},"_links":{"self":[{"href":"https:\/\/www.souki-lodges.com\/fr\/wp-json\/wp\/v2\/pages\/10682","targetHints":{"allow":["GET"]}}],"collection":[{"href":"https:\/\/www.souki-lodges.com\/fr\/wp-json\/wp\/v2\/pages"}],"about":[{"href":"https:\/\/www.souki-lodges.com\/fr\/wp-json\/wp\/v2\/types\/page"}],"author":[{"embeddable":true,"href":"https:\/\/www.souki-lodges.com\/fr\/wp-json\/wp\/v2\/users\/1"}],"replies":[{"embeddable":true,"href":"https:\/\/www.souki-lodges.com\/fr\/wp-json\/wp\/v2\/comments?post=10682"}],"version-history":[{"count":0,"href":"https:\/\/www.souki-lodges.com\/fr\/wp-json\/wp\/v2\/pages\/10682\/revisions"}],"wp:attachment":[{"href":"https:\/\/www.souki-lodges.com\/fr\/wp-json\/wp\/v2\/media?parent=10682"}],"curies":[{"name":"wp","href":"https:\/\/api.w.org\/{rel}","templated":true}]}}