{"id":10494,"date":"2021-04-21T16:32:06","date_gmt":"2021-04-21T14:32:06","guid":{"rendered":"https:\/\/www.souki-lodges.com\/?page_id=10494"},"modified":"2021-06-24T11:28:26","modified_gmt":"2021-06-24T09:28:26","slug":"presse-logement-insolite-languedoc-roussillon","status":"publish","type":"page","link":"https:\/\/www.souki-lodges.com\/fr\/presse-logement-insolite-languedoc-roussillon\/","title":{"rendered":"Presse"},"content":{"rendered":"<p>[et_pb_section fb_built=\u00a0\u00bb1&Prime; admin_label=\u00a0\u00bbheader\u00a0\u00bb _builder_version=\u00a0\u00bb4.9.4&Prime; _module_preset=\u00a0\u00bb498d4a32-0a40-4f90-b1f1-2157b9f38fff\u00a0\u00bb][et_pb_row column_structure=\u00a0\u00bb1_2,1_2&Prime; _builder_version=\u00a0\u00bb4.9.3&Prime; _module_preset=\u00a0\u00bb3fe01799-006f-4d98-841c-ea991de899ca\u00a0\u00bb][et_pb_column type=\u00a0\u00bb1_2&Prime; _builder_version=\u00a0\u00bb4.9.4&Prime; _module_preset=\u00a0\u00bb82c7ee65-f43b-4275-a772-965e0c63700b\u00a0\u00bb background_image=\u00a0\u00bbhttps:\/\/www.souki-lodges.com\/wp-content\/uploads\/2021\/04\/SOUKI_300dpi-29.jpg\u00a0\u00bb][et_pb_image src=\u00a0\u00bbhttps:\/\/www.souki-lodges.com\/wp-content\/uploads\/2021\/04\/logo-souki-white.svg\u00a0\u00bb title_text=\u00a0\u00bblogo-souki-white\u00a0\u00bb admin_label=\u00a0\u00bblogo\u00a0\u00bb _builder_version=\u00a0\u00bb4.9.3&Prime; _module_preset=\u00a0\u00bbb1da5153-c00b-40c4-aed3-3b5a5fa8c1f0&Prime;][\/et_pb_image][et_pb_text admin_label=\u00a0\u00bbr\u00e9f\u00e9rencement Google\u00a0\u00bb _builder_version=\u00a0\u00bb4.9.4&Prime; _module_preset=\u00a0\u00bb278ec673-4a98-44dc-838b-0ec18ed7fa40&Prime;]<\/p>\n<h1>Logement insolite en Languedoc Roussillon<\/h1>\n<p>[\/et_pb_text][\/et_pb_column][et_pb_column type=\u00a0\u00bb1_2&Prime; _builder_version=\u00a0\u00bb4.9.4&Prime; _module_preset=\u00a0\u00bb3bbadd29-d930-4199-a049-19978a42d5f5&Prime;][et_pb_text content_tablet=\u00a0\u00bb<\/p>\n<h2>Une exp\u00e9rience au coeur d&rsquo;une nature brute et pr\u00e9serv\u00e9e<\/h2>\n<p>\u00a0\u00bb content_phone=\u00a0\u00bb<\/p>\n<h2>Une exp\u00e9rience au coeur d&rsquo;une nature brute et pr\u00e9serv\u00e9e<\/h2>\n<p>\u00a0\u00bb content_last_edited=\u00a0\u00bboff|desktop\u00a0\u00bb admin_label=\u00a0\u00bbaccroche commerciale\u00a0\u00bb _builder_version=\u00a0\u00bb4.9.4&Prime; _module_preset=\u00a0\u00bbe8289335-095f-451a-92a1-2a34abc1e8d6&Prime;]<\/p>\n<h2><span>La Presse parle de nous<\/span><\/h2>\n<p>[\/et_pb_text][et_pb_divider _builder_version=\u00a0\u00bb4.9.4&Prime; _module_preset=\u00a0\u00bb51cc4b9e-0c2d-4cca-bd43-89261520d1b8&Prime;][\/et_pb_divider][et_pb_image src=\u00a0\u00bbhttps:\/\/www.souki-lodges.com\/wp-content\/uploads\/2021\/06\/10-06-2021-Paris-Match-1.jpg\u00a0\u00bb title_text=\u00a0\u00bb10-06-2021-Paris-Match\u00a0\u00bb url=\u00a0\u00bb@ET-DC@eyJkeW5hbWljIjp0cnVlLCJjb250ZW50IjoicG9zdF9saW5rX3VybF9hdHRhY2htZW50Iiwic2V0dGluZ3MiOnsicG9zdF9pZCI6IjExODM1In19@\u00a0\u00bb url_new_window=\u00a0\u00bbon\u00a0\u00bb _builder_version=\u00a0\u00bb4.9.7&Prime; _dynamic_attributes=\u00a0\u00bburl\u00a0\u00bb _module_preset=\u00a0\u00bb36ca942c-8d1d-4602-8bdc-beda87d09378&Prime; hover_enabled=\u00a0\u00bb0&Prime; sticky_enabled=\u00a0\u00bb0&Prime;][\/et_pb_image][et_pb_image src=\u00a0\u00bbhttps:\/\/www.souki-lodges.com\/wp-content\/uploads\/2021\/06\/11-06-2021-LES-ECHOS-WEEK-END-1.jpg\u00a0\u00bb title_text=\u00a0\u00bb11-06-2021-LES-ECHOS-WEEK-END\u00a0\u00bb url=\u00a0\u00bb@ET-DC@eyJkeW5hbWljIjp0cnVlLCJjb250ZW50IjoicG9zdF9saW5rX3VybF9hdHRhY2htZW50Iiwic2V0dGluZ3MiOnsicG9zdF9pZCI6IjExODM3In19@\u00a0\u00bb url_new_window=\u00a0\u00bbon\u00a0\u00bb _builder_version=\u00a0\u00bb4.9.7&Prime; _dynamic_attributes=\u00a0\u00bburl\u00a0\u00bb _module_preset=\u00a0\u00bb36ca942c-8d1d-4602-8bdc-beda87d09378&Prime;][\/et_pb_image][et_pb_image src=\u00a0\u00bbhttps:\/\/www.souki-lodges.com\/wp-content\/uploads\/2021\/06\/11-06-2021-LHOTELLERIE-RESTAURATION-1.jpg\u00a0\u00bb title_text=\u00a0\u00bb11-06-2021-L&rsquo;HOTELLERIE-RESTAURATION\u00a0\u00bb url=\u00a0\u00bb@ET-DC@eyJkeW5hbWljIjp0cnVlLCJjb250ZW50IjoicG9zdF9saW5rX3VybF9hdHRhY2htZW50Iiwic2V0dGluZ3MiOnsicG9zdF9pZCI6IjExODM5In19@\u00a0\u00bb url_new_window=\u00a0\u00bbon\u00a0\u00bb _builder_version=\u00a0\u00bb4.9.7&Prime; _dynamic_attributes=\u00a0\u00bburl\u00a0\u00bb _module_preset=\u00a0\u00bb36ca942c-8d1d-4602-8bdc-beda87d09378&Prime;][\/et_pb_image][et_pb_image src=\u00a0\u00bbhttps:\/\/www.souki-lodges.com\/wp-content\/uploads\/2021\/06\/11-06-2021-ZEPROS-METIERS-RESTO-1.jpg\u00a0\u00bb title_text=\u00a0\u00bb11-06-2021-ZEPROS-METIERS-RESTO\u00a0\u00bb url=\u00a0\u00bb@ET-DC@eyJkeW5hbWljIjp0cnVlLCJjb250ZW50IjoicG9zdF9saW5rX3VybF9hdHRhY2htZW50Iiwic2V0dGluZ3MiOnsicG9zdF9pZCI6IjExODQxIn19@\u00a0\u00bb url_new_window=\u00a0\u00bbon\u00a0\u00bb _builder_version=\u00a0\u00bb4.9.7&Prime; _dynamic_attributes=\u00a0\u00bburl\u00a0\u00bb _module_preset=\u00a0\u00bb36ca942c-8d1d-4602-8bdc-beda87d09378&Prime;][\/et_pb_image][et_pb_image src=\u00a0\u00bbhttps:\/\/www.souki-lodges.com\/wp-content\/uploads\/2021\/06\/12-06-2021-Msn.com_-1.jpg\u00a0\u00bb title_text=\u00a0\u00bb12-06-2021-Msn.com\u00a0\u00bb url=\u00a0\u00bb@ET-DC@eyJkeW5hbWljIjp0cnVlLCJjb250ZW50IjoicG9zdF9saW5rX3VybF9hdHRhY2htZW50Iiwic2V0dGluZ3MiOnsicG9zdF9pZCI6IjExODQzIn19@\u00a0\u00bb url_new_window=\u00a0\u00bbon\u00a0\u00bb _builder_version=\u00a0\u00bb4.9.7&Prime; _dynamic_attributes=\u00a0\u00bburl\u00a0\u00bb _module_preset=\u00a0\u00bb36ca942c-8d1d-4602-8bdc-beda87d09378&Prime;][\/et_pb_image][et_pb_image src=\u00a0\u00bbhttps:\/\/www.souki-lodges.com\/wp-content\/uploads\/2021\/06\/12-06-2021-Paris-Match.com_-1.jpg\u00a0\u00bb title_text=\u00a0\u00bb12-06-2021-Paris-Match.com\u00a0\u00bb url=\u00a0\u00bb@ET-DC@eyJkeW5hbWljIjp0cnVlLCJjb250ZW50IjoicG9zdF9saW5rX3VybF9hdHRhY2htZW50Iiwic2V0dGluZ3MiOnsicG9zdF9pZCI6IjExODQ1In19@\u00a0\u00bb url_new_window=\u00a0\u00bbon\u00a0\u00bb _builder_version=\u00a0\u00bb4.9.7&Prime; _dynamic_attributes=\u00a0\u00bburl\u00a0\u00bb _module_preset=\u00a0\u00bb36ca942c-8d1d-4602-8bdc-beda87d09378&Prime;][\/et_pb_image][et_pb_image src=\u00a0\u00bbhttps:\/\/www.souki-lodges.com\/wp-content\/uploads\/2021\/06\/12-06-2021-Press-From.info_-1.jpg\u00a0\u00bb title_text=\u00a0\u00bb12-06-2021-Press-From.info\u00a0\u00bb url=\u00a0\u00bb@ET-DC@eyJkeW5hbWljIjp0cnVlLCJjb250ZW50IjoicG9zdF9saW5rX3VybF9hdHRhY2htZW50Iiwic2V0dGluZ3MiOnsicG9zdF9pZCI6IjExODQ3In19@\u00a0\u00bb url_new_window=\u00a0\u00bbon\u00a0\u00bb _builder_version=\u00a0\u00bb4.9.7&Prime; _dynamic_attributes=\u00a0\u00bburl\u00a0\u00bb _module_preset=\u00a0\u00bb36ca942c-8d1d-4602-8bdc-beda87d09378&Prime;][\/et_pb_image][et_pb_image src=\u00a0\u00bbhttps:\/\/www.souki-lodges.com\/wp-content\/uploads\/2021\/06\/16-06-2021-@allezhop.a-1-1.jpg\u00a0\u00bb title_text=\u00a0\u00bb16-06-2021-@allezhop.a-(1)\u00a0\u00bb url=\u00a0\u00bb@ET-DC@eyJkeW5hbWljIjp0cnVlLCJjb250ZW50IjoicG9zdF9saW5rX3VybF9hdHRhY2htZW50Iiwic2V0dGluZ3MiOnsicG9zdF9pZCI6IjExODQ5In19@\u00a0\u00bb url_new_window=\u00a0\u00bbon\u00a0\u00bb _builder_version=\u00a0\u00bb4.9.7&Prime; _dynamic_attributes=\u00a0\u00bburl\u00a0\u00bb _module_preset=\u00a0\u00bb36ca942c-8d1d-4602-8bdc-beda87d09378&Prime;][\/et_pb_image][et_pb_image src=\u00a0\u00bbhttps:\/\/www.souki-lodges.com\/wp-content\/uploads\/2021\/06\/16-06-2021-@allezhop.a-2-1.jpg\u00a0\u00bb title_text=\u00a0\u00bb16-06-2021-@allezhop.a-(2)\u00a0\u00bb url=\u00a0\u00bb@ET-DC@eyJkeW5hbWljIjp0cnVlLCJjb250ZW50IjoicG9zdF9saW5rX3VybF9hdHRhY2htZW50Iiwic2V0dGluZ3MiOnsicG9zdF9pZCI6IjExODUxIn19@\u00a0\u00bb url_new_window=\u00a0\u00bbon\u00a0\u00bb _builder_version=\u00a0\u00bb4.9.7&Prime; _dynamic_attributes=\u00a0\u00bburl\u00a0\u00bb _module_preset=\u00a0\u00bb36ca942c-8d1d-4602-8bdc-beda87d09378&Prime;][\/et_pb_image][et_pb_image src=\u00a0\u00bbhttps:\/\/www.souki-lodges.com\/wp-content\/uploads\/2021\/06\/16-06-2021-@allezhop.a-3.jpg\u00a0\u00bb title_text=\u00a0\u00bb16-06-2021-@allezhop.a\u00a0\u00bb url=\u00a0\u00bb@ET-DC@eyJkeW5hbWljIjp0cnVlLCJjb250ZW50IjoicG9zdF9saW5rX3VybF9hdHRhY2htZW50Iiwic2V0dGluZ3MiOnsicG9zdF9pZCI6IjExODUzIn19@\u00a0\u00bb url_new_window=\u00a0\u00bbon\u00a0\u00bb _builder_version=\u00a0\u00bb4.9.7&Prime; _dynamic_attributes=\u00a0\u00bburl\u00a0\u00bb _module_preset=\u00a0\u00bb36ca942c-8d1d-4602-8bdc-beda87d09378&Prime;][\/et_pb_image][et_pb_image src=\u00a0\u00bbhttps:\/\/www.souki-lodges.com\/wp-content\/uploads\/2021\/06\/17-06-2021-Mr-Tripper.com_-1.jpg\u00a0\u00bb title_text=\u00a0\u00bb17-06-2021-Mr-Tripper.com\u00a0\u00bb url=\u00a0\u00bb@ET-DC@eyJkeW5hbWljIjp0cnVlLCJjb250ZW50IjoicG9zdF9saW5rX3VybF9hdHRhY2htZW50Iiwic2V0dGluZ3MiOnsicG9zdF9pZCI6IjExODU1In19@\u00a0\u00bb url_new_window=\u00a0\u00bbon\u00a0\u00bb _builder_version=\u00a0\u00bb4.9.7&Prime; _dynamic_attributes=\u00a0\u00bburl\u00a0\u00bb _module_preset=\u00a0\u00bb36ca942c-8d1d-4602-8bdc-beda87d09378&Prime;][\/et_pb_image][et_pb_image src=\u00a0\u00bbhttps:\/\/www.souki-lodges.com\/wp-content\/uploads\/2021\/06\/20-06-2021-Actualites-du-jour.eu_-1.jpg\u00a0\u00bb title_text=\u00a0\u00bb20-06-2021-Actualit\u00e9s-du-jour.eu\u00a0\u00bb url=\u00a0\u00bb@ET-DC@eyJkeW5hbWljIjp0cnVlLCJjb250ZW50IjoicG9zdF9saW5rX3VybF9hdHRhY2htZW50Iiwic2V0dGluZ3MiOnsicG9zdF9pZCI6IjExODU3In19@\u00a0\u00bb url_new_window=\u00a0\u00bbon\u00a0\u00bb _builder_version=\u00a0\u00bb4.9.7&Prime; _dynamic_attributes=\u00a0\u00bburl\u00a0\u00bb _module_preset=\u00a0\u00bb36ca942c-8d1d-4602-8bdc-beda87d09378&Prime;][\/et_pb_image][et_pb_image src=\u00a0\u00bbhttps:\/\/www.souki-lodges.com\/wp-content\/uploads\/2021\/06\/20-06-2021-Midi-Libre.fr_-1.jpg\u00a0\u00bb title_text=\u00a0\u00bb20-06-2021-Midi-Libre.fr\u00a0\u00bb url=\u00a0\u00bb@ET-DC@eyJkeW5hbWljIjp0cnVlLCJjb250ZW50IjoicG9zdF9saW5rX3VybF9hdHRhY2htZW50Iiwic2V0dGluZ3MiOnsicG9zdF9pZCI6IjExODU5In19@\u00a0\u00bb url_new_window=\u00a0\u00bbon\u00a0\u00bb _builder_version=\u00a0\u00bb4.9.7&Prime; _dynamic_attributes=\u00a0\u00bburl\u00a0\u00bb _module_preset=\u00a0\u00bb36ca942c-8d1d-4602-8bdc-beda87d09378&Prime;][\/et_pb_image][et_pb_image src=\u00a0\u00bbhttps:\/\/www.souki-lodges.com\/wp-content\/uploads\/2021\/06\/20-06-2021-MIDI-LIBRE-1.jpg\u00a0\u00bb title_text=\u00a0\u00bb20-06-2021-MIDI-LIBRE\u00a0\u00bb url=\u00a0\u00bb@ET-DC@eyJkeW5hbWljIjp0cnVlLCJjb250ZW50IjoicG9zdF9saW5rX3VybF9hdHRhY2htZW50Iiwic2V0dGluZ3MiOnsicG9zdF9pZCI6IjExODYxIn19@\u00a0\u00bb url_new_window=\u00a0\u00bbon\u00a0\u00bb _builder_version=\u00a0\u00bb4.9.7&Prime; _dynamic_attributes=\u00a0\u00bburl\u00a0\u00bb _module_preset=\u00a0\u00bb36ca942c-8d1d-4602-8bdc-beda87d09378&Prime;][\/et_pb_image][\/et_pb_column][\/et_pb_row][\/et_pb_section][et_pb_section fb_built=\u00a0\u00bb1&Prime; admin_label=\u00a0\u00bbambiance\u00a0\u00bb _builder_version=\u00a0\u00bb4.9.4&Prime; _module_preset=\u00a0\u00bbcb732567-e794-4fdc-8fb9-c1f372fa5bc0&Prime; background_image=\u00a0\u00bbhttps:\/\/www.souki-lodges.com\/wp-content\/uploads\/2021\/05\/969A2314.jpg\u00a0\u00bb parallax=\u00a0\u00bbon\u00a0\u00bb parallax_method=\u00a0\u00bboff\u00a0\u00bb][et_pb_row _builder_version=\u00a0\u00bb4.9.2&Prime; _module_preset=\u00a0\u00bbd523c1ac-112a-42d2-8db5-c0f76ce31c51&Prime;][et_pb_column type=\u00a0\u00bb4_4&Prime; _builder_version=\u00a0\u00bb4.9.2&Prime; _module_preset=\u00a0\u00bbdefault\u00a0\u00bb][\/et_pb_column][\/et_pb_row][\/et_pb_section]<\/p>\n","protected":false},"excerpt":{"rendered":"<p>Logement insolite en Languedoc RoussillonLa Presse parle de nous<\/p>\n","protected":false},"author":1,"featured_media":0,"parent":0,"menu_order":8,"comment_status":"closed","ping_status":"closed","template":"","meta":{"_et_pb_use_builder":"on","_et_pb_old_content":"","_et_gb_content_width":"","inline_featured_image":false,"footnotes":""},"class_list":["post-10494","page","type-page","status-publish","hentry"],"yoast_head":"<!-- This site is optimized with the Yoast SEO plugin v20.3 - https:\/\/yoast.com\/wordpress\/plugins\/seo\/ -->\n<title>~ Presse | Logement Insolite Languedoc Roussillon | Souki Lodges &amp; Spa<\/title>\n<meta name=\"description\" content=\"Site Officiel \u2705 D\u00e9couvrez les dossiers de presse et les articles de Souki Lodges &amp; Spa, logement insolite en Languedoc Roussillon.\" \/>\n<meta name=\"robots\" content=\"index, follow, max-snippet:-1, max-image-preview:large, max-video-preview:-1\" \/>\n<link rel=\"canonical\" href=\"https:\/\/www.souki-lodges.com\/fr\/presse-logement-insolite-languedoc-roussillon\/\" \/>\n<meta property=\"og:locale\" content=\"fr_FR\" \/>\n<meta property=\"og:type\" content=\"article\" \/>\n<meta property=\"og:title\" content=\"~ Presse | Logement Insolite Languedoc Roussillon | Souki Lodges &amp; Spa\" \/>\n<meta property=\"og:description\" content=\"Site Officiel \u2705 D\u00e9couvrez les dossiers de presse et les articles de Souki Lodges &amp; Spa, logement insolite en Languedoc Roussillon.\" \/>\n<meta property=\"og:url\" content=\"https:\/\/www.souki-lodges.com\/fr\/presse-logement-insolite-languedoc-roussillon\/\" \/>\n<meta property=\"og:site_name\" content=\"Souki Lodges &amp; Spa\" \/>\n<meta property=\"article:publisher\" content=\"https:\/\/www.facebook.com\/SoukiLodges\/\" \/>\n<meta property=\"article:modified_time\" content=\"2021-06-24T09:28:26+00:00\" \/>\n<meta name=\"twitter:card\" content=\"summary_large_image\" \/>\n<meta name=\"twitter:label1\" content=\"Dur\u00e9e de lecture estim\u00e9e\" \/>\n\t<meta name=\"twitter:data1\" content=\"1 minute\" \/>\n<script type=\"application\/ld+json\" class=\"yoast-schema-graph\">{\"@context\":\"https:\/\/schema.org\",\"@graph\":[{\"@type\":\"WebPage\",\"@id\":\"https:\/\/www.souki-lodges.com\/fr\/presse-logement-insolite-languedoc-roussillon\/\",\"url\":\"https:\/\/www.souki-lodges.com\/fr\/presse-logement-insolite-languedoc-roussillon\/\",\"name\":\"~ Presse | Logement Insolite Languedoc Roussillon | Souki Lodges & Spa\",\"isPartOf\":{\"@id\":\"https:\/\/www.souki-lodges.com\/fr\/#website\"},\"datePublished\":\"2021-04-21T14:32:06+00:00\",\"dateModified\":\"2021-06-24T09:28:26+00:00\",\"description\":\"Site Officiel \u2705 D\u00e9couvrez les dossiers de presse et les articles de Souki Lodges & Spa, logement insolite en Languedoc Roussillon.\",\"breadcrumb\":{\"@id\":\"https:\/\/www.souki-lodges.com\/fr\/presse-logement-insolite-languedoc-roussillon\/#breadcrumb\"},\"inLanguage\":\"fr-FR\",\"potentialAction\":[{\"@type\":\"ReadAction\",\"target\":[\"https:\/\/www.souki-lodges.com\/fr\/presse-logement-insolite-languedoc-roussillon\/\"]}]},{\"@type\":\"BreadcrumbList\",\"@id\":\"https:\/\/www.souki-lodges.com\/fr\/presse-logement-insolite-languedoc-roussillon\/#breadcrumb\",\"itemListElement\":[{\"@type\":\"ListItem\",\"position\":1,\"name\":\"Home\",\"item\":\"https:\/\/www.souki-lodges.com\/fr\/\"},{\"@type\":\"ListItem\",\"position\":2,\"name\":\"Presse\"}]},{\"@type\":\"WebSite\",\"@id\":\"https:\/\/www.souki-lodges.com\/fr\/#website\",\"url\":\"https:\/\/www.souki-lodges.com\/fr\/\",\"name\":\"Souki Lodges &amp; Spa\",\"description\":\"Lodges au c\u0153ur de la nature\",\"publisher\":{\"@id\":\"https:\/\/www.souki-lodges.com\/fr\/#organization\"},\"potentialAction\":[{\"@type\":\"SearchAction\",\"target\":{\"@type\":\"EntryPoint\",\"urlTemplate\":\"https:\/\/www.souki-lodges.com\/fr\/?s={search_term_string}\"},\"query-input\":\"required name=search_term_string\"}],\"inLanguage\":\"fr-FR\"},{\"@type\":\"Organization\",\"@id\":\"https:\/\/www.souki-lodges.com\/fr\/#organization\",\"name\":\"Souki Lodges\",\"url\":\"https:\/\/www.souki-lodges.com\/fr\/\",\"logo\":{\"@type\":\"ImageObject\",\"inLanguage\":\"fr-FR\",\"@id\":\"https:\/\/www.souki-lodges.com\/fr\/#\/schema\/logo\/image\/\",\"url\":\"https:\/\/www.souki-lodges.com\/wp-content\/uploads\/2021\/12\/EXE-LOGO_SOUKI-NOIR.png\",\"contentUrl\":\"https:\/\/www.souki-lodges.com\/wp-content\/uploads\/2021\/12\/EXE-LOGO_SOUKI-NOIR.png\",\"width\":1773,\"height\":1772,\"caption\":\"Souki Lodges\"},\"image\":{\"@id\":\"https:\/\/www.souki-lodges.com\/fr\/#\/schema\/logo\/image\/\"},\"sameAs\":[\"https:\/\/www.facebook.com\/SoukiLodges\/\",\"https:\/\/www.instagram.com\/soukilodgesspa\/\"]}]}<\/script>\n<!-- \/ Yoast SEO plugin. -->","yoast_head_json":{"title":"~ Presse | Logement Insolite Languedoc Roussillon | Souki Lodges & Spa","description":"Site Officiel \u2705 D\u00e9couvrez les dossiers de presse et les articles de Souki Lodges & Spa, logement insolite en Languedoc Roussillon.","robots":{"index":"index","follow":"follow","max-snippet":"max-snippet:-1","max-image-preview":"max-image-preview:large","max-video-preview":"max-video-preview:-1"},"canonical":"https:\/\/www.souki-lodges.com\/fr\/presse-logement-insolite-languedoc-roussillon\/","og_locale":"fr_FR","og_type":"article","og_title":"~ Presse | Logement Insolite Languedoc Roussillon | Souki Lodges & Spa","og_description":"Site Officiel \u2705 D\u00e9couvrez les dossiers de presse et les articles de Souki Lodges & Spa, logement insolite en Languedoc Roussillon.","og_url":"https:\/\/www.souki-lodges.com\/fr\/presse-logement-insolite-languedoc-roussillon\/","og_site_name":"Souki Lodges &amp; Spa","article_publisher":"https:\/\/www.facebook.com\/SoukiLodges\/","article_modified_time":"2021-06-24T09:28:26+00:00","twitter_card":"summary_large_image","twitter_misc":{"Dur\u00e9e de lecture estim\u00e9e":"1 minute"},"schema":{"@context":"https:\/\/schema.org","@graph":[{"@type":"WebPage","@id":"https:\/\/www.souki-lodges.com\/fr\/presse-logement-insolite-languedoc-roussillon\/","url":"https:\/\/www.souki-lodges.com\/fr\/presse-logement-insolite-languedoc-roussillon\/","name":"~ Presse | Logement Insolite Languedoc Roussillon | Souki Lodges & Spa","isPartOf":{"@id":"https:\/\/www.souki-lodges.com\/fr\/#website"},"datePublished":"2021-04-21T14:32:06+00:00","dateModified":"2021-06-24T09:28:26+00:00","description":"Site Officiel \u2705 D\u00e9couvrez les dossiers de presse et les articles de Souki Lodges & Spa, logement insolite en Languedoc Roussillon.","breadcrumb":{"@id":"https:\/\/www.souki-lodges.com\/fr\/presse-logement-insolite-languedoc-roussillon\/#breadcrumb"},"inLanguage":"fr-FR","potentialAction":[{"@type":"ReadAction","target":["https:\/\/www.souki-lodges.com\/fr\/presse-logement-insolite-languedoc-roussillon\/"]}]},{"@type":"BreadcrumbList","@id":"https:\/\/www.souki-lodges.com\/fr\/presse-logement-insolite-languedoc-roussillon\/#breadcrumb","itemListElement":[{"@type":"ListItem","position":1,"name":"Home","item":"https:\/\/www.souki-lodges.com\/fr\/"},{"@type":"ListItem","position":2,"name":"Presse"}]},{"@type":"WebSite","@id":"https:\/\/www.souki-lodges.com\/fr\/#website","url":"https:\/\/www.souki-lodges.com\/fr\/","name":"Souki Lodges &amp; Spa","description":"Lodges au c\u0153ur de la nature","publisher":{"@id":"https:\/\/www.souki-lodges.com\/fr\/#organization"},"potentialAction":[{"@type":"SearchAction","target":{"@type":"EntryPoint","urlTemplate":"https:\/\/www.souki-lodges.com\/fr\/?s={search_term_string}"},"query-input":"required name=search_term_string"}],"inLanguage":"fr-FR"},{"@type":"Organization","@id":"https:\/\/www.souki-lodges.com\/fr\/#organization","name":"Souki Lodges","url":"https:\/\/www.souki-lodges.com\/fr\/","logo":{"@type":"ImageObject","inLanguage":"fr-FR","@id":"https:\/\/www.souki-lodges.com\/fr\/#\/schema\/logo\/image\/","url":"https:\/\/www.souki-lodges.com\/wp-content\/uploads\/2021\/12\/EXE-LOGO_SOUKI-NOIR.png","contentUrl":"https:\/\/www.souki-lodges.com\/wp-content\/uploads\/2021\/12\/EXE-LOGO_SOUKI-NOIR.png","width":1773,"height":1772,"caption":"Souki Lodges"},"image":{"@id":"https:\/\/www.souki-lodges.com\/fr\/#\/schema\/logo\/image\/"},"sameAs":["https:\/\/www.facebook.com\/SoukiLodges\/","https:\/\/www.instagram.com\/soukilodgesspa\/"]}]}},"_links":{"self":[{"href":"https:\/\/www.souki-lodges.com\/fr\/wp-json\/wp\/v2\/pages\/10494","targetHints":{"allow":["GET"]}}],"collection":[{"href":"https:\/\/www.souki-lodges.com\/fr\/wp-json\/wp\/v2\/pages"}],"about":[{"href":"https:\/\/www.souki-lodges.com\/fr\/wp-json\/wp\/v2\/types\/page"}],"author":[{"embeddable":true,"href":"https:\/\/www.souki-lodges.com\/fr\/wp-json\/wp\/v2\/users\/1"}],"replies":[{"embeddable":true,"href":"https:\/\/www.souki-lodges.com\/fr\/wp-json\/wp\/v2\/comments?post=10494"}],"version-history":[{"count":0,"href":"https:\/\/www.souki-lodges.com\/fr\/wp-json\/wp\/v2\/pages\/10494\/revisions"}],"wp:attachment":[{"href":"https:\/\/www.souki-lodges.com\/fr\/wp-json\/wp\/v2\/media?parent=10494"}],"curies":[{"name":"wp","href":"https:\/\/api.w.org\/{rel}","templated":true}]}}