{"id":12047,"date":"2021-04-30T10:42:03","date_gmt":"2021-04-30T08:42:03","guid":{"rendered":"https:\/\/www.souki-lodges.com\/formulaire-rgpd\/"},"modified":"2021-07-01T17:05:04","modified_gmt":"2021-07-01T15:05:04","slug":"gdpr-form","status":"publish","type":"page","link":"https:\/\/www.souki-lodges.com\/en\/gdpr-form\/","title":{"rendered":"Rights Relating to the Protection of your Privacy"},"content":{"rendered":"<p>[et_pb_section fb_built=&#8221;1&#8243; admin_label=&#8221;header&#8221; _builder_version=&#8221;4.9.4&#8243; _module_preset=&#8221;498d4a32-0a40-4f90-b1f1-2157b9f38fff&#8221;][et_pb_row column_structure=&#8221;1_2,1_2&#8243; _builder_version=&#8221;4.9.3&#8243; _module_preset=&#8221;3fe01799-006f-4d98-841c-ea991de899ca&#8221;][et_pb_column type=&#8221;1_2&#8243; _builder_version=&#8221;4.9.4&#8243; _module_preset=&#8221;82c7ee65-f43b-4275-a772-965e0c63700b&#8221; background_image=&#8221;https:\/\/www.souki-lodges.com\/wp-content\/uploads\/2021\/04\/SOUKI_300dpi-12.jpg&#8221;][et_pb_image src=&#8221;https:\/\/www.souki-lodges.com\/wp-content\/uploads\/\/2021\/04\/logo-souki-white.svg&#8221; title_text=&#8221;logo-souki-white&#8221; admin_label=&#8221;logo&#8221; _builder_version=&#8221;4.9.4&#8243; _module_preset=&#8221;b1da5153-c00b-40c4-aed3-3b5a5fa8c1f0&#8243;][\/et_pb_image][\/et_pb_column][et_pb_column type=&#8221;1_2&#8243; _builder_version=&#8221;4.9.3&#8243; _module_preset=&#8221;3bbadd29-d930-4199-a049-19978a42d5f5&#8243;][et_pb_text content_tablet=&#8221;<\/p>\n<h2>Une exp\u00e9rience au coeur d&#8217;une nature brute et pr\u00e9serv\u00e9e<\/h2>\n<p>&#8221; content_phone=&#8221;<\/p>\n<h2>Une exp\u00e9rience au coeur d&#8217;une nature brute et pr\u00e9serv\u00e9e<\/h2>\n<p>&#8221; content_last_edited=&#8221;off|desktop&#8221; admin_label=&#8221;accroche commerciale&#8221; _builder_version=&#8221;4.9.4&#8243; _module_preset=&#8221;e8289335-095f-451a-92a1-2a34abc1e8d6&#8243; header_2_font_size=&#8221;3.8vw&#8221;]<\/p>\n<h2>Rights Relating to the Protection of your Privacy<\/h2>\n<p>[\/et_pb_text][et_pb_divider _builder_version=&#8221;4.9.4&#8243; _module_preset=&#8221;a78fee7e-9fc2-4958-a652-269be0f4ef62&#8243;][\/et_pb_divider][\/et_pb_column][\/et_pb_row][\/et_pb_section][et_pb_section fb_built=&#8221;1&#8243; admin_label=&#8221;decouvertes&#8221; module_id=&#8221;alentours&#8221; _builder_version=&#8221;4.9.4&#8243; _module_preset=&#8221;07ba2181-e191-41ae-a2ae-cc78f9d32cc0&#8243;][et_pb_row admin_label=&#8221;Row&#8221; _builder_version=&#8221;4.9.7&#8243; _module_preset=&#8221;36cf5a57-236a-41be-81d6-7c6ba6e663d8&#8243;][et_pb_column type=&#8221;4_4&#8243; _builder_version=&#8221;4.9.7&#8243; _module_preset=&#8221;5dd94120-d19d-46c7-88df-70783dabcf07&#8243; custom_padding_tablet=&#8221;&#8221; custom_padding_phone=&#8221;&#8221; custom_padding_last_edited=&#8221;on|tablet&#8221; custom_css_main_element=&#8221;margin:0;||min-height:0;||display:flex;||flex-wrap:wrap;||align-content:center; &#8220;][et_pb_text admin_label=&#8221;text&#8221; _builder_version=&#8221;4.9.7&#8243; _module_preset=&#8221;f8908dc1-3293-44d5-bb42-bdf59be89c83&#8243;]<\/p>\n<h2>Form about your rights relating to the protection of your privacy.<\/h2>\n<h2><a href=\"#\" target=\"_blank\" rel=\"noopener\"><\/a><\/h2>\n<p>[\/et_pb_text][et_pb_contact_form use_spam_service=&#8221;on&#8221; recaptcha_list=&#8221;Souki|Souki-0&#8243; email=&#8221;contact@souki-lodges.com&#8221; custom_message=&#8221;Droits relatifs \u00e0 la protection de votre vie priv\u00e9e||et_pb_line_break_holder||||et_pb_line_break_holder||%%nom%% %%prenom%%||et_pb_line_break_holder||||et_pb_line_break_holder||Coordonn\u00e9es du client :||et_pb_line_break_holder||Email : %%email%%||et_pb_line_break_holder||Adresse postale : %%adresse_postale%%||et_pb_line_break_holder||||et_pb_line_break_holder||Souhaite exercer le droit suivant : ||et_pb_line_break_holder||%%droit%%||et_pb_line_break_holder||||et_pb_line_break_holder||Commentaires :||et_pb_line_break_holder||%%commentaires%%&#8221; success_message=&#8221;Your message has been successfully sent&#8221; submit_button_text=&#8221;SEND&#8221; _builder_version=&#8221;4.9.7&#8243; _module_preset=&#8221;44f9af8b-d476-4c0f-8e77-44db7172e47d&#8221; form_field_background_color=&#8221;rgba(76,76,76,0.05)&#8221; form_field_text_color=&#8221;#4C4C4C&#8221; form_field_focus_background_color=&#8221;rgba(76,76,76,0.1)&#8221; form_field_focus_text_color=&#8221;#4C4C4C&#8221; hover_enabled=&#8221;0&#8243; sticky_enabled=&#8221;0&#8243;][et_pb_contact_field field_id=&#8221;nom&#8221; field_title=&#8221;Last Name*&#8221; fullwidth_field=&#8221;off&#8221; _builder_version=&#8221;4.9.7&#8243; _module_preset=&#8221;846ddce0-5d57-4177-9820-9c2e18ae9ca9&#8243;][\/et_pb_contact_field][et_pb_contact_field field_id=&#8221;prenom&#8221; field_title=&#8221;First Name*&#8221; fullwidth_field=&#8221;off&#8221; _builder_version=&#8221;4.9.7&#8243; _module_preset=&#8221;846ddce0-5d57-4177-9820-9c2e18ae9ca9&#8243;][\/et_pb_contact_field][et_pb_contact_field field_id=&#8221;email&#8221; field_title=&#8221;Email*&#8221; _builder_version=&#8221;4.9.7&#8243; _module_preset=&#8221;846ddce0-5d57-4177-9820-9c2e18ae9ca9&#8243;][\/et_pb_contact_field][et_pb_contact_field field_id=&#8221;adresse_postale&#8221; field_title=&#8221;Postal address*&#8221; _builder_version=&#8221;4.9.7&#8243; _module_preset=&#8221;846ddce0-5d57-4177-9820-9c2e18ae9ca9&#8243;][\/et_pb_contact_field][et_pb_contact_field field_id=&#8221;commentaires&#8221; field_title=&#8221;Comments&#8230;&#8221; field_type=&#8221;text&#8221; _builder_version=&#8221;4.9.7&#8243; _module_preset=&#8221;846ddce0-5d57-4177-9820-9c2e18ae9ca9&#8243;][\/et_pb_contact_field][et_pb_contact_field field_id=&#8221;droit&#8221; field_title=&#8221;Select the right you wish to exercise&#8230;*&#8221; field_type=&#8221;select&#8221; select_options=&#8221;%91{%22value%22:%22Right to access any personal data the hotel may hold about you%22,%22checked%22:0,%22dragID%22:-1},{%22value%22:%22Right to rectify any incorrect, incomplete or out-of-date data held about you%22,%22checked%22:0,%22dragID%22:0},{%22value%22:%22Right to erasure of your personal data (\u2018right to be forgotten\u2019)%22,%22checked%22:0,%22dragID%22:1},{%22value%22:%22Right to restrict the processing of your personal data%22,%22checked%22:0,%22dragID%22:2},{%22value%22:%22Right to the portability of your personal data%22,%22checked%22:0,%22dragID%22:3},{%22value%22:%22Right to object to, contest and withdraw consent to the processing of your personal data%22,%22checked%22:0,%22dragID%22:4}%93&#8243; _builder_version=&#8221;4.9.7&#8243; _module_preset=&#8221;846ddce0-5d57-4177-9820-9c2e18ae9ca9&#8243;][\/et_pb_contact_field][et_pb_contact_field field_id=&#8221;acceptation&#8221; field_title=&#8221; &#8221; field_type=&#8221;checkbox&#8221; checkbox_options=&#8221;%91{%22value%22:%22I consent to the use of my data in accordance with the T&#038;C and Privacy Policy.*%22,%22checked%22:0,%22dragID%22:-1}%93&#8243; _builder_version=&#8221;4.9.7&#8243; _module_preset=&#8221;0457f5e3-02f9-40c9-96f7-4d8ca4b81adf&#8221;][\/et_pb_contact_field][\/et_pb_contact_form][\/et_pb_column][\/et_pb_row][\/et_pb_section][et_pb_section fb_built=&#8221;1&#8243; admin_label=&#8221;ambiance&#8221; _builder_version=&#8221;4.9.4&#8243; _module_preset=&#8221;cb732567-e794-4fdc-8fb9-c1f372fa5bc0&#8243; background_image=&#8221;https:\/\/www.souki-lodges.com\/wp-content\/uploads\/2021\/04\/gautier-pfeiffer-F2_iL1C8sN0-unsplash.jpg&#8221; parallax=&#8221;on&#8221; parallax_method=&#8221;off&#8221;][et_pb_row _builder_version=&#8221;4.9.2&#8243; _module_preset=&#8221;d523c1ac-112a-42d2-8db5-c0f76ce31c51&#8243;][et_pb_column type=&#8221;4_4&#8243; _builder_version=&#8221;4.9.2&#8243; _module_preset=&#8221;default&#8221;][\/et_pb_column][\/et_pb_row][\/et_pb_section]<\/p>\n","protected":false},"excerpt":{"rendered":"<p>Rights Relating to the Protection of your PrivacyForm about your rights relating to the protection of your privacy.<\/p>\n","protected":false},"author":1,"featured_media":0,"parent":0,"menu_order":14,"comment_status":"closed","ping_status":"closed","template":"","meta":{"_et_pb_use_builder":"on","_et_pb_old_content":"","_et_gb_content_width":"","inline_featured_image":false,"footnotes":""},"class_list":["post-12047","page","type-page","status-publish","hentry"],"yoast_head":"<!-- This site is optimized with the Yoast SEO plugin v20.3 - https:\/\/yoast.com\/wordpress\/plugins\/seo\/ -->\n<title>~ Rights Relating to the Protection of your Privacy | Souki Lodges &amp; Spa<\/title>\n<meta name=\"description\" content=\"Official Website \u2705 Souki Lodges ensures the protection of your personal data and provides you a form to exercise your rights.\" \/>\n<meta name=\"robots\" content=\"index, follow, max-snippet:-1, max-image-preview:large, max-video-preview:-1\" \/>\n<link rel=\"canonical\" href=\"https:\/\/www.souki-lodges.com\/en\/gdpr-form\/\" \/>\n<meta property=\"og:locale\" content=\"en_US\" \/>\n<meta property=\"og:type\" content=\"article\" \/>\n<meta property=\"og:title\" content=\"~ Rights Relating to the Protection of your Privacy | Souki Lodges &amp; Spa\" \/>\n<meta property=\"og:description\" content=\"Official Website \u2705 Souki Lodges ensures the protection of your personal data and provides you a form to exercise your rights.\" \/>\n<meta property=\"og:url\" content=\"https:\/\/www.souki-lodges.com\/en\/gdpr-form\/\" \/>\n<meta property=\"og:site_name\" content=\"Souki Lodges &amp; Spa\" \/>\n<meta property=\"article:publisher\" content=\"https:\/\/www.facebook.com\/SoukiLodges\/\" \/>\n<meta property=\"article:modified_time\" content=\"2021-07-01T15:05:04+00:00\" \/>\n<meta name=\"twitter:card\" content=\"summary_large_image\" \/>\n<meta name=\"twitter:label1\" content=\"Est. reading time\" \/>\n\t<meta name=\"twitter:data1\" content=\"1 minute\" \/>\n<script type=\"application\/ld+json\" class=\"yoast-schema-graph\">{\"@context\":\"https:\/\/schema.org\",\"@graph\":[{\"@type\":\"WebPage\",\"@id\":\"https:\/\/www.souki-lodges.com\/en\/gdpr-form\/\",\"url\":\"https:\/\/www.souki-lodges.com\/en\/gdpr-form\/\",\"name\":\"~ Rights Relating to the Protection of your Privacy | Souki Lodges &amp; Spa\",\"isPartOf\":{\"@id\":\"https:\/\/www.souki-lodges.com\/en\/#website\"},\"datePublished\":\"2021-04-30T08:42:03+00:00\",\"dateModified\":\"2021-07-01T15:05:04+00:00\",\"description\":\"Official Website \u2705 Souki Lodges ensures the protection of your personal data and provides you a form to exercise your rights.\",\"breadcrumb\":{\"@id\":\"https:\/\/www.souki-lodges.com\/en\/gdpr-form\/#breadcrumb\"},\"inLanguage\":\"en-US\",\"potentialAction\":[{\"@type\":\"ReadAction\",\"target\":[\"https:\/\/www.souki-lodges.com\/en\/gdpr-form\/\"]}]},{\"@type\":\"BreadcrumbList\",\"@id\":\"https:\/\/www.souki-lodges.com\/en\/gdpr-form\/#breadcrumb\",\"itemListElement\":[{\"@type\":\"ListItem\",\"position\":1,\"name\":\"Home\",\"item\":\"https:\/\/www.souki-lodges.com\/en\/\"},{\"@type\":\"ListItem\",\"position\":2,\"name\":\"Rights Relating to the Protection of your Privacy\"}]},{\"@type\":\"WebSite\",\"@id\":\"https:\/\/www.souki-lodges.com\/en\/#website\",\"url\":\"https:\/\/www.souki-lodges.com\/en\/\",\"name\":\"Souki Lodges &amp; Spa\",\"description\":\"Lodges au c\u0153ur de la nature\",\"publisher\":{\"@id\":\"https:\/\/www.souki-lodges.com\/en\/#organization\"},\"potentialAction\":[{\"@type\":\"SearchAction\",\"target\":{\"@type\":\"EntryPoint\",\"urlTemplate\":\"https:\/\/www.souki-lodges.com\/en\/?s={search_term_string}\"},\"query-input\":\"required name=search_term_string\"}],\"inLanguage\":\"en-US\"},{\"@type\":\"Organization\",\"@id\":\"https:\/\/www.souki-lodges.com\/en\/#organization\",\"name\":\"Souki Lodges\",\"url\":\"https:\/\/www.souki-lodges.com\/en\/\",\"logo\":{\"@type\":\"ImageObject\",\"inLanguage\":\"en-US\",\"@id\":\"https:\/\/www.souki-lodges.com\/en\/#\/schema\/logo\/image\/\",\"url\":\"https:\/\/www.souki-lodges.com\/wp-content\/uploads\/2021\/12\/EXE-LOGO_SOUKI-NOIR.png\",\"contentUrl\":\"https:\/\/www.souki-lodges.com\/wp-content\/uploads\/2021\/12\/EXE-LOGO_SOUKI-NOIR.png\",\"width\":1773,\"height\":1772,\"caption\":\"Souki Lodges\"},\"image\":{\"@id\":\"https:\/\/www.souki-lodges.com\/en\/#\/schema\/logo\/image\/\"},\"sameAs\":[\"https:\/\/www.facebook.com\/SoukiLodges\/\",\"https:\/\/www.instagram.com\/soukilodgesspa\/\"]}]}<\/script>\n<!-- \/ Yoast SEO plugin. -->","yoast_head_json":{"title":"~ Rights Relating to the Protection of your Privacy | Souki Lodges &amp; Spa","description":"Official Website \u2705 Souki Lodges ensures the protection of your personal data and provides you a form to exercise your rights.","robots":{"index":"index","follow":"follow","max-snippet":"max-snippet:-1","max-image-preview":"max-image-preview:large","max-video-preview":"max-video-preview:-1"},"canonical":"https:\/\/www.souki-lodges.com\/en\/gdpr-form\/","og_locale":"en_US","og_type":"article","og_title":"~ Rights Relating to the Protection of your Privacy | Souki Lodges &amp; Spa","og_description":"Official Website \u2705 Souki Lodges ensures the protection of your personal data and provides you a form to exercise your rights.","og_url":"https:\/\/www.souki-lodges.com\/en\/gdpr-form\/","og_site_name":"Souki Lodges &amp; Spa","article_publisher":"https:\/\/www.facebook.com\/SoukiLodges\/","article_modified_time":"2021-07-01T15:05:04+00:00","twitter_card":"summary_large_image","twitter_misc":{"Est. reading time":"1 minute"},"schema":{"@context":"https:\/\/schema.org","@graph":[{"@type":"WebPage","@id":"https:\/\/www.souki-lodges.com\/en\/gdpr-form\/","url":"https:\/\/www.souki-lodges.com\/en\/gdpr-form\/","name":"~ Rights Relating to the Protection of your Privacy | Souki Lodges &amp; Spa","isPartOf":{"@id":"https:\/\/www.souki-lodges.com\/en\/#website"},"datePublished":"2021-04-30T08:42:03+00:00","dateModified":"2021-07-01T15:05:04+00:00","description":"Official Website \u2705 Souki Lodges ensures the protection of your personal data and provides you a form to exercise your rights.","breadcrumb":{"@id":"https:\/\/www.souki-lodges.com\/en\/gdpr-form\/#breadcrumb"},"inLanguage":"en-US","potentialAction":[{"@type":"ReadAction","target":["https:\/\/www.souki-lodges.com\/en\/gdpr-form\/"]}]},{"@type":"BreadcrumbList","@id":"https:\/\/www.souki-lodges.com\/en\/gdpr-form\/#breadcrumb","itemListElement":[{"@type":"ListItem","position":1,"name":"Home","item":"https:\/\/www.souki-lodges.com\/en\/"},{"@type":"ListItem","position":2,"name":"Rights Relating to the Protection of your Privacy"}]},{"@type":"WebSite","@id":"https:\/\/www.souki-lodges.com\/en\/#website","url":"https:\/\/www.souki-lodges.com\/en\/","name":"Souki Lodges &amp; Spa","description":"Lodges au c\u0153ur de la nature","publisher":{"@id":"https:\/\/www.souki-lodges.com\/en\/#organization"},"potentialAction":[{"@type":"SearchAction","target":{"@type":"EntryPoint","urlTemplate":"https:\/\/www.souki-lodges.com\/en\/?s={search_term_string}"},"query-input":"required name=search_term_string"}],"inLanguage":"en-US"},{"@type":"Organization","@id":"https:\/\/www.souki-lodges.com\/en\/#organization","name":"Souki Lodges","url":"https:\/\/www.souki-lodges.com\/en\/","logo":{"@type":"ImageObject","inLanguage":"en-US","@id":"https:\/\/www.souki-lodges.com\/en\/#\/schema\/logo\/image\/","url":"https:\/\/www.souki-lodges.com\/wp-content\/uploads\/2021\/12\/EXE-LOGO_SOUKI-NOIR.png","contentUrl":"https:\/\/www.souki-lodges.com\/wp-content\/uploads\/2021\/12\/EXE-LOGO_SOUKI-NOIR.png","width":1773,"height":1772,"caption":"Souki Lodges"},"image":{"@id":"https:\/\/www.souki-lodges.com\/en\/#\/schema\/logo\/image\/"},"sameAs":["https:\/\/www.facebook.com\/SoukiLodges\/","https:\/\/www.instagram.com\/soukilodgesspa\/"]}]}},"_links":{"self":[{"href":"https:\/\/www.souki-lodges.com\/en\/wp-json\/wp\/v2\/pages\/12047","targetHints":{"allow":["GET"]}}],"collection":[{"href":"https:\/\/www.souki-lodges.com\/en\/wp-json\/wp\/v2\/pages"}],"about":[{"href":"https:\/\/www.souki-lodges.com\/en\/wp-json\/wp\/v2\/types\/page"}],"author":[{"embeddable":true,"href":"https:\/\/www.souki-lodges.com\/en\/wp-json\/wp\/v2\/users\/1"}],"replies":[{"embeddable":true,"href":"https:\/\/www.souki-lodges.com\/en\/wp-json\/wp\/v2\/comments?post=12047"}],"version-history":[{"count":0,"href":"https:\/\/www.souki-lodges.com\/en\/wp-json\/wp\/v2\/pages\/12047\/revisions"}],"wp:attachment":[{"href":"https:\/\/www.souki-lodges.com\/en\/wp-json\/wp\/v2\/media?parent=12047"}],"curies":[{"name":"wp","href":"https:\/\/api.w.org\/{rel}","templated":true}]}}