{"id":12043,"date":"2021-04-30T10:45:35","date_gmt":"2021-04-30T08:45:35","guid":{"rendered":"https:\/\/www.souki-lodges.com\/plan-de-site-nuit-romantique-avec-jacuzzi-herault\/"},"modified":"2021-06-30T11:34:16","modified_gmt":"2021-06-30T09:34:16","slug":"sitemap-accommodation-montpellier-france","status":"publish","type":"page","link":"https:\/\/www.souki-lodges.com\/en\/sitemap-accommodation-montpellier-france\/","title":{"rendered":"Sitemap"},"content":{"rendered":"<p>[et_pb_section fb_built=&#8221;1&#8243; admin_label=&#8221;header&#8221; _builder_version=&#8221;4.9.4&#8243; _module_preset=&#8221;498d4a32-0a40-4f90-b1f1-2157b9f38fff&#8221;][et_pb_row column_structure=&#8221;1_2,1_2&#8243; _builder_version=&#8221;4.9.3&#8243; _module_preset=&#8221;3fe01799-006f-4d98-841c-ea991de899ca&#8221;][et_pb_column type=&#8221;1_2&#8243; _builder_version=&#8221;4.9.4&#8243; _module_preset=&#8221;82c7ee65-f43b-4275-a772-965e0c63700b&#8221; background_image=&#8221;https:\/\/www.souki-lodges.com\/wp-content\/uploads\/2021\/04\/SOUKI_300dpi-12.jpg&#8221;][et_pb_image src=&#8221;https:\/\/www.souki-lodges.com\/wp-content\/uploads\/\/2021\/04\/logo-souki-white.svg&#8221; title_text=&#8221;logo-souki-white&#8221; admin_label=&#8221;logo&#8221; _builder_version=&#8221;4.9.4&#8243; _module_preset=&#8221;b1da5153-c00b-40c4-aed3-3b5a5fa8c1f0&#8243;][\/et_pb_image][et_pb_text admin_label=&#8221;r\u00e9f\u00e9rencement Google&#8221; _builder_version=&#8221;4.9.7&#8243; _module_preset=&#8221;278ec673-4a98-44dc-838b-0ec18ed7fa40&#8243; hover_enabled=&#8221;0&#8243; sticky_enabled=&#8221;0&#8243;]<\/p>\n<h1>Unusual accommodation near Montpellier in France<\/h1>\n<p>[\/et_pb_text][\/et_pb_column][et_pb_column type=&#8221;1_2&#8243; _builder_version=&#8221;4.9.3&#8243; _module_preset=&#8221;3bbadd29-d930-4199-a049-19978a42d5f5&#8243;][et_pb_text content_tablet=&#8221;<\/p>\n<h2>Une exp\u00e9rience au coeur d&#8217;une nature brute et pr\u00e9serv\u00e9e<\/h2>\n<p>&#8221; content_phone=&#8221;<\/p>\n<h2>Une exp\u00e9rience au coeur d&#8217;une nature brute et pr\u00e9serv\u00e9e<\/h2>\n<p>&#8221; content_last_edited=&#8221;off|desktop&#8221; admin_label=&#8221;accroche commerciale&#8221; _builder_version=&#8221;4.9.4&#8243; _module_preset=&#8221;e8289335-095f-451a-92a1-2a34abc1e8d6&#8243;]<\/p>\n<h2><span>Plan de site<\/span><\/h2>\n<p>[\/et_pb_text][et_pb_divider _builder_version=&#8221;4.9.4&#8243; _module_preset=&#8221;a78fee7e-9fc2-4958-a652-269be0f4ef62&#8243; custom_margin=&#8221;5vh||5vh||true|false&#8221;][\/et_pb_divider][et_pb_text ul_type=&#8221;none&#8221; admin_label=&#8221;text&#8221; _builder_version=&#8221;4.9.4&#8243; _module_preset=&#8221;86d376b7-59ea-40d8-b7a3-978c9614bb45&#8243; ul_line_height=&#8221;2em&#8221; link_text_color__hover_enabled=&#8221;on|hover&#8221;]<\/p>\n<div class=\"wsp-container\"><ul class=\"wsp-pages-list\">\n<li class=\"page_item page-item-12049\"><a href=\"https:\/\/www.souki-lodges.com\/en\/\">Home<\/a><\/li>\n<li class=\"page_item page-item-12023\"><a href=\"https:\/\/www.souki-lodges.com\/en\/the-lodges-montpellier-bed-and-breakfast\/\">The Lodges<\/a><\/li>\n<li class=\"page_item page-item-12025\"><a href=\"https:\/\/www.souki-lodges.com\/en\/facilities-and-services-luxury-accommodation-montpellier\/\">Facilities and Services<\/a><\/li>\n<li class=\"page_item page-item-12030\"><a href=\"https:\/\/www.souki-lodges.com\/en\/activities-and-sightseeing-weekend-occitanie\/\">Activities &#038; Sightseeing<\/a><\/li>\n<li class=\"page_item page-item-12032\"><a href=\"https:\/\/www.souki-lodges.com\/en\/contact-lodge-languedoc-rousillon\/\">Contact<\/a><\/li>\n<li class=\"page_item page-item-12035\"><a href=\"https:\/\/www.souki-lodges.com\/en\/offers-and-packages-languedoc-roussillon-gite\/\">Offres &#038; Packages<\/a><\/li>\n<li class=\"page_item page-item-12027\"><a href=\"https:\/\/www.souki-lodges.com\/en\/media-gallery-accommodation-montpellier\/\">Media gallery<\/a><\/li>\n<li class=\"page_item page-item-12028\"><a href=\"https:\/\/www.souki-lodges.com\/en\/press-montpellier-weekend\/\">Press<\/a><\/li>\n<li class=\"page_item page-item-12037\"><a href=\"https:\/\/www.souki-lodges.com\/en\/terms-and-conditions\/\">Terms &#038; Conditions<\/a><\/li>\n<li class=\"page_item page-item-12038\"><a href=\"https:\/\/www.souki-lodges.com\/en\/privacy-policy\/\">Privacy Policy<\/a><\/li>\n<li class=\"page_item page-item-12040\"><a href=\"https:\/\/www.souki-lodges.com\/en\/cookie-policy\/\">Cookie Policy<\/a><\/li>\n<li class=\"page_item page-item-12044\"><a href=\"https:\/\/www.souki-lodges.com\/en\/faq-logement-atypique-occitanie\/\">FAQ<\/a><\/li>\n<li class=\"page_item page-item-12043\"><a href=\"https:\/\/www.souki-lodges.com\/en\/sitemap-accommodation-montpellier-france\/\">Sitemap<\/a><\/li>\n<li class=\"page_item page-item-12047\"><a href=\"https:\/\/www.souki-lodges.com\/en\/gdpr-form\/\">Rights Relating to the Protection of your Privacy<\/a><\/li>\n<\/ul>\n<\/div>\n<p>[\/et_pb_text][\/et_pb_column][\/et_pb_row][\/et_pb_section][et_pb_section fb_built=&#8221;1&#8243; admin_label=&#8221;ambiance&#8221; _builder_version=&#8221;4.9.4&#8243; _module_preset=&#8221;cb732567-e794-4fdc-8fb9-c1f372fa5bc0&#8243; background_image=&#8221;https:\/\/www.souki-lodges.com\/wp-content\/uploads\/2021\/04\/gautier-pfeiffer-F2_iL1C8sN0-unsplash.jpg&#8221; parallax=&#8221;on&#8221; parallax_method=&#8221;off&#8221;][et_pb_row _builder_version=&#8221;4.9.2&#8243; _module_preset=&#8221;d523c1ac-112a-42d2-8db5-c0f76ce31c51&#8243;][et_pb_column type=&#8221;4_4&#8243; _builder_version=&#8221;4.9.2&#8243; _module_preset=&#8221;default&#8221;][\/et_pb_column][\/et_pb_row][\/et_pb_section]<\/p>\n","protected":false},"excerpt":{"rendered":"<p>Unusual accommodation near Montpellier in FrancePlan de site<div class=\"wsp-container\"><ul class=\"wsp-pages-list\">\n<li class=\"page_item page-item-12049\"><a href=\"https:\/\/www.souki-lodges.com\/en\/\">Home<\/a><\/li>\n<li class=\"page_item page-item-12023\"><a href=\"https:\/\/www.souki-lodges.com\/en\/the-lodges-montpellier-bed-and-breakfast\/\">The Lodges<\/a><\/li>\n<li class=\"page_item page-item-12025\"><a href=\"https:\/\/www.souki-lodges.com\/en\/facilities-and-services-luxury-accommodation-montpellier\/\">Facilities and Services<\/a><\/li>\n<li class=\"page_item page-item-12030\"><a href=\"https:\/\/www.souki-lodges.com\/en\/activities-and-sightseeing-weekend-occitanie\/\">Activities &#038; Sightseeing<\/a><\/li>\n<li class=\"page_item page-item-12032\"><a href=\"https:\/\/www.souki-lodges.com\/en\/contact-lodge-languedoc-rousillon\/\">Contact<\/a><\/li>\n<li class=\"page_item page-item-12035\"><a href=\"https:\/\/www.souki-lodges.com\/en\/offers-and-packages-languedoc-roussillon-gite\/\">Offres &#038; Packages<\/a><\/li>\n<li class=\"page_item page-item-12027\"><a href=\"https:\/\/www.souki-lodges.com\/en\/media-gallery-accommodation-montpellier\/\">Media gallery<\/a><\/li>\n<li class=\"page_item page-item-12028\"><a href=\"https:\/\/www.souki-lodges.com\/en\/press-montpellier-weekend\/\">Press<\/a><\/li>\n<li class=\"page_item page-item-12037\"><a href=\"https:\/\/www.souki-lodges.com\/en\/terms-and-conditions\/\">Terms &#038; Conditions<\/a><\/li>\n<li class=\"page_item page-item-12038\"><a href=\"https:\/\/www.souki-lodges.com\/en\/privacy-policy\/\">Privacy Policy<\/a><\/li>\n<li class=\"page_item page-item-12040\"><a href=\"https:\/\/www.souki-lodges.com\/en\/cookie-policy\/\">Cookie Policy<\/a><\/li>\n<li class=\"page_item page-item-12044\"><a href=\"https:\/\/www.souki-lodges.com\/en\/faq-logement-atypique-occitanie\/\">FAQ<\/a><\/li>\n<li class=\"page_item page-item-12043\"><a href=\"https:\/\/www.souki-lodges.com\/en\/sitemap-accommodation-montpellier-france\/\">Sitemap<\/a><\/li>\n<li class=\"page_item page-item-12047\"><a href=\"https:\/\/www.souki-lodges.com\/en\/gdpr-form\/\">Rights Relating to the Protection of your Privacy<\/a><\/li>\n<\/ul>\n<\/div><\/p>\n","protected":false},"author":1,"featured_media":0,"parent":0,"menu_order":13,"comment_status":"closed","ping_status":"closed","template":"","meta":{"_et_pb_use_builder":"on","_et_pb_old_content":"","_et_gb_content_width":"","inline_featured_image":false,"footnotes":""},"class_list":["post-12043","page","type-page","status-publish","hentry"],"yoast_head":"<!-- This site is optimized with the Yoast SEO plugin v20.3 - https:\/\/yoast.com\/wordpress\/plugins\/seo\/ -->\n<title>~ Sitemap | Accommodation Montpellier France | Souki Lodges &amp; Spa<\/title>\n<meta name=\"description\" content=\"Official Website \u2705 Find here all of the pages on the website https:\/\/www.souki-lodges.com. Unusual accommodation with Spa near Montpellier, in France.\" \/>\n<meta name=\"robots\" content=\"index, follow, max-snippet:-1, max-image-preview:large, max-video-preview:-1\" \/>\n<link rel=\"canonical\" href=\"https:\/\/www.souki-lodges.com\/en\/sitemap-accommodation-montpellier-france\/\" \/>\n<meta property=\"og:locale\" content=\"en_US\" \/>\n<meta property=\"og:type\" content=\"article\" \/>\n<meta property=\"og:title\" content=\"~ Sitemap | Accommodation Montpellier France | Souki Lodges &amp; Spa\" \/>\n<meta property=\"og:description\" content=\"Official Website \u2705 Find here all of the pages on the website https:\/\/www.souki-lodges.com. Unusual accommodation with Spa near Montpellier, in France.\" \/>\n<meta property=\"og:url\" content=\"https:\/\/www.souki-lodges.com\/en\/sitemap-accommodation-montpellier-france\/\" \/>\n<meta property=\"og:site_name\" content=\"Souki Lodges &amp; Spa\" \/>\n<meta property=\"article:publisher\" content=\"https:\/\/www.facebook.com\/SoukiLodges\/\" \/>\n<meta property=\"article:modified_time\" content=\"2021-06-30T09:34:16+00:00\" \/>\n<meta name=\"twitter:card\" content=\"summary_large_image\" \/>\n<meta name=\"twitter:label1\" content=\"Est. reading time\" \/>\n\t<meta name=\"twitter:data1\" content=\"1 minute\" \/>\n<script type=\"application\/ld+json\" class=\"yoast-schema-graph\">{\"@context\":\"https:\/\/schema.org\",\"@graph\":[{\"@type\":\"WebPage\",\"@id\":\"https:\/\/www.souki-lodges.com\/en\/sitemap-accommodation-montpellier-france\/\",\"url\":\"https:\/\/www.souki-lodges.com\/en\/sitemap-accommodation-montpellier-france\/\",\"name\":\"~ Sitemap | Accommodation Montpellier France | Souki Lodges &amp; Spa\",\"isPartOf\":{\"@id\":\"https:\/\/www.souki-lodges.com\/en\/#website\"},\"datePublished\":\"2021-04-30T08:45:35+00:00\",\"dateModified\":\"2021-06-30T09:34:16+00:00\",\"description\":\"Official Website \u2705 Find here all of the pages on the website https:\/\/www.souki-lodges.com. Unusual accommodation with Spa near Montpellier, in France.\",\"breadcrumb\":{\"@id\":\"https:\/\/www.souki-lodges.com\/en\/sitemap-accommodation-montpellier-france\/#breadcrumb\"},\"inLanguage\":\"en-US\",\"potentialAction\":[{\"@type\":\"ReadAction\",\"target\":[\"https:\/\/www.souki-lodges.com\/en\/sitemap-accommodation-montpellier-france\/\"]}]},{\"@type\":\"BreadcrumbList\",\"@id\":\"https:\/\/www.souki-lodges.com\/en\/sitemap-accommodation-montpellier-france\/#breadcrumb\",\"itemListElement\":[{\"@type\":\"ListItem\",\"position\":1,\"name\":\"Home\",\"item\":\"https:\/\/www.souki-lodges.com\/en\/\"},{\"@type\":\"ListItem\",\"position\":2,\"name\":\"Sitemap\"}]},{\"@type\":\"WebSite\",\"@id\":\"https:\/\/www.souki-lodges.com\/en\/#website\",\"url\":\"https:\/\/www.souki-lodges.com\/en\/\",\"name\":\"Souki Lodges &amp; Spa\",\"description\":\"Lodges au c\u0153ur de la nature\",\"publisher\":{\"@id\":\"https:\/\/www.souki-lodges.com\/en\/#organization\"},\"potentialAction\":[{\"@type\":\"SearchAction\",\"target\":{\"@type\":\"EntryPoint\",\"urlTemplate\":\"https:\/\/www.souki-lodges.com\/en\/?s={search_term_string}\"},\"query-input\":\"required name=search_term_string\"}],\"inLanguage\":\"en-US\"},{\"@type\":\"Organization\",\"@id\":\"https:\/\/www.souki-lodges.com\/en\/#organization\",\"name\":\"Souki Lodges\",\"url\":\"https:\/\/www.souki-lodges.com\/en\/\",\"logo\":{\"@type\":\"ImageObject\",\"inLanguage\":\"en-US\",\"@id\":\"https:\/\/www.souki-lodges.com\/en\/#\/schema\/logo\/image\/\",\"url\":\"https:\/\/www.souki-lodges.com\/wp-content\/uploads\/2021\/12\/EXE-LOGO_SOUKI-NOIR.png\",\"contentUrl\":\"https:\/\/www.souki-lodges.com\/wp-content\/uploads\/2021\/12\/EXE-LOGO_SOUKI-NOIR.png\",\"width\":1773,\"height\":1772,\"caption\":\"Souki Lodges\"},\"image\":{\"@id\":\"https:\/\/www.souki-lodges.com\/en\/#\/schema\/logo\/image\/\"},\"sameAs\":[\"https:\/\/www.facebook.com\/SoukiLodges\/\",\"https:\/\/www.instagram.com\/soukilodgesspa\/\"]}]}<\/script>\n<!-- \/ Yoast SEO plugin. -->","yoast_head_json":{"title":"~ Sitemap | Accommodation Montpellier France | Souki Lodges &amp; Spa","description":"Official Website \u2705 Find here all of the pages on the website https:\/\/www.souki-lodges.com. Unusual accommodation with Spa near Montpellier, in France.","robots":{"index":"index","follow":"follow","max-snippet":"max-snippet:-1","max-image-preview":"max-image-preview:large","max-video-preview":"max-video-preview:-1"},"canonical":"https:\/\/www.souki-lodges.com\/en\/sitemap-accommodation-montpellier-france\/","og_locale":"en_US","og_type":"article","og_title":"~ Sitemap | Accommodation Montpellier France | Souki Lodges &amp; Spa","og_description":"Official Website \u2705 Find here all of the pages on the website https:\/\/www.souki-lodges.com. Unusual accommodation with Spa near Montpellier, in France.","og_url":"https:\/\/www.souki-lodges.com\/en\/sitemap-accommodation-montpellier-france\/","og_site_name":"Souki Lodges &amp; Spa","article_publisher":"https:\/\/www.facebook.com\/SoukiLodges\/","article_modified_time":"2021-06-30T09:34:16+00:00","twitter_card":"summary_large_image","twitter_misc":{"Est. reading time":"1 minute"},"schema":{"@context":"https:\/\/schema.org","@graph":[{"@type":"WebPage","@id":"https:\/\/www.souki-lodges.com\/en\/sitemap-accommodation-montpellier-france\/","url":"https:\/\/www.souki-lodges.com\/en\/sitemap-accommodation-montpellier-france\/","name":"~ Sitemap | Accommodation Montpellier France | Souki Lodges &amp; Spa","isPartOf":{"@id":"https:\/\/www.souki-lodges.com\/en\/#website"},"datePublished":"2021-04-30T08:45:35+00:00","dateModified":"2021-06-30T09:34:16+00:00","description":"Official Website \u2705 Find here all of the pages on the website https:\/\/www.souki-lodges.com. Unusual accommodation with Spa near Montpellier, in France.","breadcrumb":{"@id":"https:\/\/www.souki-lodges.com\/en\/sitemap-accommodation-montpellier-france\/#breadcrumb"},"inLanguage":"en-US","potentialAction":[{"@type":"ReadAction","target":["https:\/\/www.souki-lodges.com\/en\/sitemap-accommodation-montpellier-france\/"]}]},{"@type":"BreadcrumbList","@id":"https:\/\/www.souki-lodges.com\/en\/sitemap-accommodation-montpellier-france\/#breadcrumb","itemListElement":[{"@type":"ListItem","position":1,"name":"Home","item":"https:\/\/www.souki-lodges.com\/en\/"},{"@type":"ListItem","position":2,"name":"Sitemap"}]},{"@type":"WebSite","@id":"https:\/\/www.souki-lodges.com\/en\/#website","url":"https:\/\/www.souki-lodges.com\/en\/","name":"Souki Lodges &amp; Spa","description":"Lodges au c\u0153ur de la nature","publisher":{"@id":"https:\/\/www.souki-lodges.com\/en\/#organization"},"potentialAction":[{"@type":"SearchAction","target":{"@type":"EntryPoint","urlTemplate":"https:\/\/www.souki-lodges.com\/en\/?s={search_term_string}"},"query-input":"required name=search_term_string"}],"inLanguage":"en-US"},{"@type":"Organization","@id":"https:\/\/www.souki-lodges.com\/en\/#organization","name":"Souki Lodges","url":"https:\/\/www.souki-lodges.com\/en\/","logo":{"@type":"ImageObject","inLanguage":"en-US","@id":"https:\/\/www.souki-lodges.com\/en\/#\/schema\/logo\/image\/","url":"https:\/\/www.souki-lodges.com\/wp-content\/uploads\/2021\/12\/EXE-LOGO_SOUKI-NOIR.png","contentUrl":"https:\/\/www.souki-lodges.com\/wp-content\/uploads\/2021\/12\/EXE-LOGO_SOUKI-NOIR.png","width":1773,"height":1772,"caption":"Souki Lodges"},"image":{"@id":"https:\/\/www.souki-lodges.com\/en\/#\/schema\/logo\/image\/"},"sameAs":["https:\/\/www.facebook.com\/SoukiLodges\/","https:\/\/www.instagram.com\/soukilodgesspa\/"]}]}},"_links":{"self":[{"href":"https:\/\/www.souki-lodges.com\/en\/wp-json\/wp\/v2\/pages\/12043","targetHints":{"allow":["GET"]}}],"collection":[{"href":"https:\/\/www.souki-lodges.com\/en\/wp-json\/wp\/v2\/pages"}],"about":[{"href":"https:\/\/www.souki-lodges.com\/en\/wp-json\/wp\/v2\/types\/page"}],"author":[{"embeddable":true,"href":"https:\/\/www.souki-lodges.com\/en\/wp-json\/wp\/v2\/users\/1"}],"replies":[{"embeddable":true,"href":"https:\/\/www.souki-lodges.com\/en\/wp-json\/wp\/v2\/comments?post=12043"}],"version-history":[{"count":0,"href":"https:\/\/www.souki-lodges.com\/en\/wp-json\/wp\/v2\/pages\/12043\/revisions"}],"wp:attachment":[{"href":"https:\/\/www.souki-lodges.com\/en\/wp-json\/wp\/v2\/media?parent=12043"}],"curies":[{"name":"wp","href":"https:\/\/api.w.org\/{rel}","templated":true}]}}