{"id":12030,"date":"2021-04-14T15:53:24","date_gmt":"2021-04-14T13:53:24","guid":{"rendered":"https:\/\/www.souki-lodges.com\/activites-et-decouvertes-sejour-insolite-occitanie\/"},"modified":"2021-06-30T10:37:48","modified_gmt":"2021-06-30T08:37:48","slug":"activities-and-sightseeing-weekend-occitanie","status":"publish","type":"page","link":"https:\/\/www.souki-lodges.com\/en\/activities-and-sightseeing-weekend-occitanie\/","title":{"rendered":"Activities &#038; Sightseeing"},"content":{"rendered":"<p>[et_pb_section fb_built=&#8221;1&#8243; admin_label=&#8221;header&#8221; _builder_version=&#8221;4.9.4&#8243; _module_preset=&#8221;498d4a32-0a40-4f90-b1f1-2157b9f38fff&#8221;][et_pb_row column_structure=&#8221;1_2,1_2&#8243; _builder_version=&#8221;4.9.3&#8243; _module_preset=&#8221;3fe01799-006f-4d98-841c-ea991de899ca&#8221;][et_pb_column type=&#8221;1_2&#8243; _builder_version=&#8221;4.9.7&#8243; _module_preset=&#8221;82c7ee65-f43b-4275-a772-965e0c63700b&#8221; background_image=&#8221;https:\/\/www.souki-lodges.com\/wp-content\/uploads\/2021\/04\/gautier-pfeiffer-0Lz9pldfLbQ-unsplash.jpg&#8221;][et_pb_image src=&#8221;https:\/\/www.souki-lodges.com\/wp-content\/uploads\/\/2021\/04\/logo-souki-white.svg&#8221; title_text=&#8221;logo-souki-white&#8221; admin_label=&#8221;logo&#8221; _builder_version=&#8221;4.9.3&#8243; _module_preset=&#8221;b1da5153-c00b-40c4-aed3-3b5a5fa8c1f0&#8243;][\/et_pb_image][et_pb_text admin_label=&#8221;r\u00e9f\u00e9rencement Google&#8221; _builder_version=&#8221;4.9.7&#8243; _module_preset=&#8221;278ec673-4a98-44dc-838b-0ec18ed7fa40&#8243; hover_enabled=&#8221;0&#8243; sticky_enabled=&#8221;0&#8243;]<\/p>\n<h1>Un unforgettable weekend in Occitanie, Provence<\/h1>\n<p>[\/et_pb_text][\/et_pb_column][et_pb_column type=&#8221;1_2&#8243; _builder_version=&#8221;4.9.3&#8243; _module_preset=&#8221;3bbadd29-d930-4199-a049-19978a42d5f5&#8243;][et_pb_text content_tablet=&#8221;<\/p>\n<h2>Une exp\u00e9rience au coeur d&#8217;une nature brute et pr\u00e9serv\u00e9e<\/h2>\n<p>&#8221; content_phone=&#8221;<\/p>\n<h2>Une exp\u00e9rience au coeur d&#8217;une nature brute et pr\u00e9serv\u00e9e<\/h2>\n<p>&#8221; content_last_edited=&#8221;off|desktop&#8221; admin_label=&#8221;accroche commerciale&#8221; _builder_version=&#8221;4.9.7&#8243; _module_preset=&#8221;e8289335-095f-451a-92a1-2a34abc1e8d6&#8243;]<\/p>\n<h2>Welcome on board<\/h2>\n<p>[\/et_pb_text][et_pb_divider _builder_version=&#8221;4.9.4&#8243; _module_preset=&#8221;51cc4b9e-0c2d-4cca-bd43-89261520d1b8&#8243;][\/et_pb_divider][et_pb_text admin_label=&#8221;text&#8221; _builder_version=&#8221;4.9.4&#8243; _module_preset=&#8221;86d376b7-59ea-40d8-b7a3-978c9614bb45&#8243;]<\/p>\n<p>As soon as you reach Cabri\u00e8res, you see vines that go on and on, peaks on the horizon and winding paths that all form the divine backdrop to the story in which you alone are the hero.<\/p>\n<p>Explore the region on board the Souki Lodges &amp; Spa shuttle at your own pace. While taking your daily walk, take the time to contemplate the incredible landscapes, admire the region\u2019s vegetation, listen to the cicadas singing their summer song and breathe in the scent of the garrigue warmed in the sun. The promise is kept.<\/p>\n<p>While enjoying a feast for your eyes, you are carried beyond the clouds.<\/p>\n<p>[\/et_pb_text][\/et_pb_column][\/et_pb_row][\/et_pb_section][et_pb_section fb_built=&#8221;1&#8243; admin_label=&#8221;sticky nav&#8221; _builder_version=&#8221;4.9.4&#8243; _module_preset=&#8221;2474f810-7ec3-4390-adf6-89483c74b97e&#8221;][et_pb_row _builder_version=&#8221;4.9.4&#8243; _module_preset=&#8221;bf60f1df-04a7-4ec1-aa6d-4af294f09b05&#8243; width__hover_enabled=&#8221;off|desktop&#8221;][et_pb_column type=&#8221;4_4&#8243; _builder_version=&#8221;4.9.4&#8243; _module_preset=&#8221;530ab797-21aa-4260-bcf2-18cbdc815769&#8243;][et_pb_button button_url=&#8221;#cabrieres&#8221; button_text=&#8221;Cabri\u00e8res&#8221; _builder_version=&#8221;4.9.7&#8243; _module_preset=&#8221;dcc18054-dfe9-45e3-8de8-117e6de418b2&#8243;][\/et_pb_button][et_pb_button button_url=&#8221;#alentours&#8221; button_text=&#8221;Surrounding area&#8221; _builder_version=&#8221;4.9.7&#8243; _module_preset=&#8221;dcc18054-dfe9-45e3-8de8-117e6de418b2&#8243;][\/et_pb_button][\/et_pb_column][\/et_pb_row][\/et_pb_section][et_pb_section fb_built=&#8221;1&#8243; admin_label=&#8221;ambiance&#8221; _builder_version=&#8221;4.9.4&#8243; _module_preset=&#8221;cb732567-e794-4fdc-8fb9-c1f372fa5bc0&#8243; background_image=&#8221;https:\/\/www.souki-lodges.com\/wp-content\/uploads\/2021\/04\/benjamin-lecomte-GiHM61wGCyc-unsplash.jpg&#8221; parallax=&#8221;on&#8221; parallax_method=&#8221;off&#8221;][et_pb_row _builder_version=&#8221;4.9.2&#8243; _module_preset=&#8221;d523c1ac-112a-42d2-8db5-c0f76ce31c51&#8243;][et_pb_column type=&#8221;4_4&#8243; _builder_version=&#8221;4.9.2&#8243; _module_preset=&#8221;default&#8221;][\/et_pb_column][\/et_pb_row][\/et_pb_section][et_pb_section fb_built=&#8221;1&#8243; admin_label=&#8221;cabri\u00e8res&#8221; module_id=&#8221;cabrieres&#8221; _builder_version=&#8221;4.9.7&#8243; _module_preset=&#8221;0c820e86-6d42-4a56-88e9-bb154945ff09&#8243;][et_pb_row column_structure=&#8221;1_2,1_2&#8243; admin_label=&#8221;Row&#8221; _builder_version=&#8221;4.9.4&#8243; _module_preset=&#8221;3fe01799-006f-4d98-841c-ea991de899ca&#8221;][et_pb_column type=&#8221;1_2&#8243; _builder_version=&#8221;4.9.3&#8243; _module_preset=&#8221;c98f35f4-5800-4542-92c0-2a3a2689a14e&#8221;][et_pb_slider _builder_version=&#8221;4.9.7&#8243; _module_preset=&#8221;1e4098f2-5f27-42b7-ba1f-eb9a2fbe6a4e&#8221;][et_pb_slide _builder_version=&#8221;4.9.7&#8243; _module_preset=&#8221;01a0cd9a-0a6c-40d2-9aac-3a97c3b29256&#8243; background_image=&#8221;https:\/\/www.souki-lodges.com\/wp-content\/uploads\/2021\/05\/Souki-Lodge-\u00a9-MR.-TRIPPER-95.jpg&#8221; background_enable_image=&#8221;on&#8221; sticky_transition=&#8221;on&#8221;][\/et_pb_slide][\/et_pb_slider][\/et_pb_column][et_pb_column type=&#8221;1_2&#8243; _builder_version=&#8221;4.9.4&#8243; _module_preset=&#8221;be601dc9-084b-4c0b-aeed-c99ec22fb5fd&#8221;][et_pb_text content_tablet=&#8221;<\/p>\n<h2>Une exp\u00e9rience au coeur d&#8217;une nature brute et pr\u00e9serv\u00e9e<\/h2>\n<p>&#8221; content_phone=&#8221;<\/p>\n<h2>Une exp\u00e9rience au coeur d&#8217;une nature brute et pr\u00e9serv\u00e9e<\/h2>\n<p>&#8221; content_last_edited=&#8221;off|desktop&#8221; admin_label=&#8221;accroche commerciale&#8221; _builder_version=&#8221;4.9.3&#8243; _module_preset=&#8221;a71714b9-5f86-4abe-b6cb-6efb2a379b3e&#8221;]<\/p>\n<h2>Cabri\u00e8res, authentic, preserved heritage<\/h2>\n<p>[\/et_pb_text][et_pb_divider _builder_version=&#8221;4.9.3&#8243; _module_preset=&#8221;bc58451e-faa2-4306-9584-b60f9adc7fdb&#8221;][\/et_pb_divider][et_pb_text admin_label=&#8221;text&#8221; _builder_version=&#8221;4.9.7&#8243; _module_preset=&#8221;1815548c-5a4c-4ee6-8e15-6170f0734f5d&#8221;]<\/p>\n<p>Cabri\u00e8res is renowned for its wine terroir, copper mines, peaks as a backdrop and many astounding sites. Its historic heritage and unique geology single it out.<\/p>\n<p>Choosing to stay at Souki Lodges &amp; Spa, means choosing a destination first and foremost.<\/p>\n<p>That of an area where vines have been grown for fifteen centuries, the wines they produce owing their character to the region\u2019s shale soil.<\/p>\n<p>That of an authentic landscape shaped by history and the earth\u2019s natural riches.<\/p>\n<p>That of a picturesque village where wandering and reflecting upon the centuries it has seen go by is an art.<\/p>\n<p>Tucked away in the heart of H\u00e9rault, at the foot of the Pic de Vissou and Pioch de la Cisterne, the village of Cabri\u00e8res provides an exceptional view of the Mont Ventoux, the mountain chain around Les Baux de Provence, vines, woods and garrigues. 2km from the vestiges of the primitive village and the ruins of the old castle, the Cabri\u00e8res of today was rebuilt in the 17th century around the Saint-Etienne church. Walking through its narrow streets, you\u2019ll come across its church tower, houses with sculpted lintels and mullioned windows, and historic fountain that has been flowing continuously since 1840. In the distance, the statue of the Vierge protects the people of Cabri\u00e8res. The path to get there follows the hillslope and once there you\u2019ll look out over the century-old trees.<\/p>\n<p>[\/et_pb_text][\/et_pb_column][\/et_pb_row][\/et_pb_section][et_pb_section fb_built=&#8221;1&#8243; admin_label=&#8221;ambiance&#8221; _builder_version=&#8221;4.9.7&#8243; _module_preset=&#8221;cb732567-e794-4fdc-8fb9-c1f372fa5bc0&#8243; background_image=&#8221;https:\/\/www.souki-lodges.com\/wp-content\/uploads\/2021\/04\/Fabien-IMG_3307.jpg&#8221; parallax=&#8221;on&#8221; parallax_method=&#8221;off&#8221;][et_pb_row _builder_version=&#8221;4.9.2&#8243; _module_preset=&#8221;d523c1ac-112a-42d2-8db5-c0f76ce31c51&#8243;][et_pb_column type=&#8221;4_4&#8243; _builder_version=&#8221;4.9.2&#8243; _module_preset=&#8221;default&#8221;][\/et_pb_column][\/et_pb_row][\/et_pb_section][et_pb_section fb_built=&#8221;1&#8243; admin_label=&#8221;decouvertes&#8221; module_id=&#8221;alentours&#8221; _builder_version=&#8221;4.9.4&#8243; _module_preset=&#8221;0c820e86-6d42-4a56-88e9-bb154945ff09&#8243;][et_pb_row column_structure=&#8221;1_2,1_2&#8243; admin_label=&#8221;Row&#8221; _builder_version=&#8221;4.9.4&#8243; _module_preset=&#8221;3fe01799-006f-4d98-841c-ea991de899ca&#8221;][et_pb_column type=&#8221;1_2&#8243; _builder_version=&#8221;4.9.3&#8243; _module_preset=&#8221;c98f35f4-5800-4542-92c0-2a3a2689a14e&#8221;][et_pb_slider _builder_version=&#8221;4.9.4&#8243; _module_preset=&#8221;1e4098f2-5f27-42b7-ba1f-eb9a2fbe6a4e&#8221;][et_pb_slide _builder_version=&#8221;4.9.4&#8243; _module_preset=&#8221;01a0cd9a-0a6c-40d2-9aac-3a97c3b29256&#8243; background_image=&#8221;https:\/\/www.souki-lodges.com\/wp-content\/uploads\/2021\/05\/Souki-Lodge-\u00a9-MR.-TRIPPER-92.jpg&#8221; background_enable_image=&#8221;on&#8221; sticky_transition=&#8221;on&#8221;][\/et_pb_slide][et_pb_slide _builder_version=&#8221;4.9.4&#8243; _module_preset=&#8221;01a0cd9a-0a6c-40d2-9aac-3a97c3b29256&#8243; background_image=&#8221;https:\/\/www.souki-lodges.com\/wp-content\/uploads\/2021\/05\/Souki-Lodge-\u00a9-MR.-TRIPPER-97.jpg&#8221; background_enable_image=&#8221;on&#8221; background_position=&#8221;bottom_center&#8221; sticky_transition=&#8221;on&#8221;][\/et_pb_slide][et_pb_slide _builder_version=&#8221;4.9.4&#8243; _module_preset=&#8221;01a0cd9a-0a6c-40d2-9aac-3a97c3b29256&#8243; background_image=&#8221;https:\/\/www.souki-lodges.com\/wp-content\/uploads\/2021\/05\/Souki-Lodge-\u00a9-MR.-TRIPPER-94.jpg&#8221; background_enable_image=&#8221;on&#8221; sticky_transition=&#8221;on&#8221;][\/et_pb_slide][\/et_pb_slider][\/et_pb_column][et_pb_column type=&#8221;1_2&#8243; _builder_version=&#8221;4.9.4&#8243; _module_preset=&#8221;be601dc9-084b-4c0b-aeed-c99ec22fb5fd&#8221;][et_pb_text content_tablet=&#8221;<\/p>\n<h2>Une exp\u00e9rience au coeur d&#8217;une nature brute et pr\u00e9serv\u00e9e<\/h2>\n<p>&#8221; content_phone=&#8221;<\/p>\n<h2>Une exp\u00e9rience au coeur d&#8217;une nature brute et pr\u00e9serv\u00e9e<\/h2>\n<p>&#8221; content_last_edited=&#8221;off|desktop&#8221; admin_label=&#8221;accroche commerciale&#8221; _builder_version=&#8221;4.9.3&#8243; _module_preset=&#8221;a71714b9-5f86-4abe-b6cb-6efb2a379b3e&#8221;]<\/p>\n<h2>To see in the surrounding area<\/h2>\n<p>[\/et_pb_text][et_pb_divider _builder_version=&#8221;4.9.3&#8243; _module_preset=&#8221;bc58451e-faa2-4306-9584-b60f9adc7fdb&#8221;][\/et_pb_divider][et_pb_text admin_label=&#8221;text&#8221; _builder_version=&#8221;4.9.7&#8243; _module_preset=&#8221;1815548c-5a4c-4ee6-8e15-6170f0734f5d&#8221;]<\/p>\n<h4>The natural emblem, Pic de Vissou<\/h4>\n<p>Starting out from Cabri\u00e8res, the Pic de Vissou is a must. Culminating at 482 metres, it\u2019s one of the highest view points in H\u00e9rault. The countryside is laid out at its foot like a colourful patchwork all around. Its paths with oak trees here and there, rocky ways and launch strip make it the meeting point for hikers and paragliding or rock climbing enthusiasts. On the way back, stop off at the winemakers\u2019 museographic cellar where you can taste an Estabel wine while learning about the mediaeval history and geology of the Cabri\u00e8res mountains.<\/p>\n<p>&nbsp;<\/p>\n<h4>A 100% AOC wine-growing area<\/h4>\n<p>The shale soil and Mediterranean sunshine give Cabri\u00e8res wine all its character. The Coteaux-du-Languedoc AOC is backed onto the Pic de Vissou and made up of grape varieties like Syrah, Carignan, Clairette, Cinsault and Grenache Blanc. The region is renowned for its ros\u00e9, and tells its story through its vineyards and four wine tourism routes. You\u2019ll wander through the classified vines and taste the \u201cEstabel vermillion wine\u201d historically well-known for its therapeutic properties. The Sun King drank Cabri\u00e8res ros\u00e9, which gave it a \u201cregally controlled\u201d appellation and makes it part of the region\u2019s unmissable heritage.<\/p>\n<p>&nbsp;<\/p>\n<h4>The picturesque hamlet of Les Crozes<\/h4>\n<p>A narrow path leads you to the hamlet, nestled in the middle of oak and chestnut tree forests. This tucked away private place has been able to preserve its spirit, shingle rooftops, mullioned window, characteristic chimneys and shady square. At the heart of this little haven of peace, the church that was listed as a historical monument in 1980 welcomes pilgrims on the Way of Saint James.<\/p>\n<p>&nbsp;<\/p>\n<h4>The red earth of the Lac du Salagou<\/h4>\n<p>The Lac du Salagou has a palette of unique colours, characterised by its remarkable red earth, named the \u201cruffe\u201d. The place was created fifty years ago, and is listed today. Whereas anglers wait with their feet in the water for the fish to bite, the watersports centre welcomes those who love sailing, paddleboarding and pedal boats. The banks of the lake suit the pace people want to explore them at, whether by bike, on horseback, or on foot, and continue offering their exceptional panorama. The extra bonus? Souki Lodges &amp; Spa brings electric-assisted bikes for you to use.<\/p>\n<p>&nbsp;<\/p>\n<h4>The Cirque de Mour\u00e8ze dolomites<\/h4>\n<p>Near the Lac du Salagou, the Cirque de Mour\u00e8ze puts on a striking show featuring huge rocks with incredible shapes. You adventure into these labyrinths with dolomites towering over you. This natural heritage is in the process of being listed as a Grand Site de France.<\/p>\n<p>&nbsp;<\/p>\n<h4>The mysteries of the Estabel Waterfall<\/h4>\n<p>What makes this spring magical is how it varies so much. One minute it\u2019s a torrent, another its calm. The Estabel mineral spring is a curiosity and one of nature\u2019s treasures. Depending on how the weather has been behaving, magnificent waterfalls or marshy landscapes outline a breathtaking natural limestone panorama.<\/p>\n<p>&nbsp;<\/p>\n<h4>The 9 locks of Fons\u00e9rannes<\/h4>\n<p>The locks are iconic, an emblematic structure of the Canal du Midi and the pride of those who live in B\u00e9ziers. In this decor where waterfalls follow one after the other, the 9 locks form an amazing show brought to life by the complicated manoeuvres the boats make.<\/p>\n<p>&nbsp;<\/p>\n<h4>The Cabri\u00e8res copper mines<\/h4>\n<p>The Cabri\u00e8res mountains house the oldest copper mines in France. They may be closed to the public, but professionals continue to appreciate their riches. Inextricably linked with Cabri\u00e8res, the copper mines have been shaped by the region\u2019s history and the French metalworking industry.<\/p>\n<p>&nbsp;<\/p>\n<h4>A factory-village, the Villeneuvette Manufacture Royale<\/h4>\n<p>In the shadow of century-old plane trees, the former clothmaking factory that became a Manufacture Royale reveals its authentic charm. In the narrow paved streets, the industrial vestiges accommodate the memories of this 17th-century \u201cfactory\u201d village with the Dourbie running through it. In the Villeneuvette Manufacture, the workshop ruins and what\u2019s left of the irrigation channels join the little chapel, the engraved pediment of the entrance gate and the bridge of Love listed as historical monuments.<\/p>\n<p>[\/et_pb_text][\/et_pb_column][\/et_pb_row][\/et_pb_section][et_pb_section fb_built=&#8221;1&#8243; admin_label=&#8221;ambiance&#8221; _builder_version=&#8221;4.9.4&#8243; _module_preset=&#8221;cb732567-e794-4fdc-8fb9-c1f372fa5bc0&#8243; background_image=&#8221;https:\/\/www.souki-lodges.com\/wp-content\/uploads\/2021\/05\/Souki-Lodge-\u00a9-MR.-TRIPPER-96.jpg&#8221; parallax=&#8221;on&#8221; parallax_method=&#8221;off&#8221;][et_pb_row _builder_version=&#8221;4.9.2&#8243; _module_preset=&#8221;d523c1ac-112a-42d2-8db5-c0f76ce31c51&#8243;][et_pb_column type=&#8221;4_4&#8243; _builder_version=&#8221;4.9.2&#8243; _module_preset=&#8221;default&#8221;][\/et_pb_column][\/et_pb_row][\/et_pb_section]<\/p>\n","protected":false},"excerpt":{"rendered":"<p>Un unforgettable weekend in Occitanie, ProvenceWelcome on boardAs soon as you reach Cabri\u00e8res, you see vines that go on and on, peaks on the horizon and winding paths that all form the divine backdrop to the story in which you alone are the hero. Explore the region on board the Souki Lodges &amp; Spa shuttle [&hellip;]<\/p>\n","protected":false},"author":1,"featured_media":0,"parent":0,"menu_order":4,"comment_status":"closed","ping_status":"closed","template":"","meta":{"_et_pb_use_builder":"on","_et_pb_old_content":"","_et_gb_content_width":"","inline_featured_image":false,"footnotes":""},"class_list":["post-12030","page","type-page","status-publish","hentry"],"yoast_head":"<!-- This site is optimized with the Yoast SEO plugin v20.3 - https:\/\/yoast.com\/wordpress\/plugins\/seo\/ -->\n<title>~ Activities &amp; Sightseeing | Weekend Occitanie | Souki Lodges &amp; Spa<\/title>\n<meta name=\"description\" content=\"Official Website \u2705 Best rate in Direct: Visit the Occitanie during a weekend on an unusual stay at Souki Lodges &amp; Spa in Cabri\u00e8res. Book on our website.\" \/>\n<meta name=\"robots\" content=\"index, follow, max-snippet:-1, max-image-preview:large, max-video-preview:-1\" \/>\n<link rel=\"canonical\" href=\"https:\/\/www.souki-lodges.com\/en\/activities-and-sightseeing-weekend-occitanie\/\" \/>\n<meta property=\"og:locale\" content=\"en_US\" \/>\n<meta property=\"og:type\" content=\"article\" \/>\n<meta property=\"og:title\" content=\"~ Activities &amp; Sightseeing | Weekend Occitanie | Souki Lodges &amp; Spa\" \/>\n<meta property=\"og:description\" content=\"Official Website \u2705 Best rate in Direct: Visit the Occitanie during a weekend on an unusual stay at Souki Lodges &amp; Spa in Cabri\u00e8res. Book on our website.\" \/>\n<meta property=\"og:url\" content=\"https:\/\/www.souki-lodges.com\/en\/activities-and-sightseeing-weekend-occitanie\/\" \/>\n<meta property=\"og:site_name\" content=\"Souki Lodges &amp; Spa\" \/>\n<meta property=\"article:publisher\" content=\"https:\/\/www.facebook.com\/SoukiLodges\/\" \/>\n<meta property=\"article:modified_time\" content=\"2021-06-30T08:37:48+00:00\" \/>\n<meta name=\"twitter:card\" content=\"summary_large_image\" \/>\n<meta name=\"twitter:label1\" content=\"Est. reading time\" \/>\n\t<meta name=\"twitter:data1\" content=\"6 minutes\" \/>\n<script type=\"application\/ld+json\" class=\"yoast-schema-graph\">{\"@context\":\"https:\/\/schema.org\",\"@graph\":[{\"@type\":\"WebPage\",\"@id\":\"https:\/\/www.souki-lodges.com\/en\/activities-and-sightseeing-weekend-occitanie\/\",\"url\":\"https:\/\/www.souki-lodges.com\/en\/activities-and-sightseeing-weekend-occitanie\/\",\"name\":\"~ Activities & Sightseeing | Weekend Occitanie | Souki Lodges &amp; Spa\",\"isPartOf\":{\"@id\":\"https:\/\/www.souki-lodges.com\/en\/#website\"},\"datePublished\":\"2021-04-14T13:53:24+00:00\",\"dateModified\":\"2021-06-30T08:37:48+00:00\",\"description\":\"Official Website \u2705 Best rate in Direct: Visit the Occitanie during a weekend on an unusual stay at Souki Lodges & Spa in Cabri\u00e8res. Book on our website.\",\"breadcrumb\":{\"@id\":\"https:\/\/www.souki-lodges.com\/en\/activities-and-sightseeing-weekend-occitanie\/#breadcrumb\"},\"inLanguage\":\"en-US\",\"potentialAction\":[{\"@type\":\"ReadAction\",\"target\":[\"https:\/\/www.souki-lodges.com\/en\/activities-and-sightseeing-weekend-occitanie\/\"]}]},{\"@type\":\"BreadcrumbList\",\"@id\":\"https:\/\/www.souki-lodges.com\/en\/activities-and-sightseeing-weekend-occitanie\/#breadcrumb\",\"itemListElement\":[{\"@type\":\"ListItem\",\"position\":1,\"name\":\"Home\",\"item\":\"https:\/\/www.souki-lodges.com\/en\/\"},{\"@type\":\"ListItem\",\"position\":2,\"name\":\"Activities &#038; Sightseeing\"}]},{\"@type\":\"WebSite\",\"@id\":\"https:\/\/www.souki-lodges.com\/en\/#website\",\"url\":\"https:\/\/www.souki-lodges.com\/en\/\",\"name\":\"Souki Lodges &amp; Spa\",\"description\":\"Lodges au c\u0153ur de la nature\",\"publisher\":{\"@id\":\"https:\/\/www.souki-lodges.com\/en\/#organization\"},\"potentialAction\":[{\"@type\":\"SearchAction\",\"target\":{\"@type\":\"EntryPoint\",\"urlTemplate\":\"https:\/\/www.souki-lodges.com\/en\/?s={search_term_string}\"},\"query-input\":\"required name=search_term_string\"}],\"inLanguage\":\"en-US\"},{\"@type\":\"Organization\",\"@id\":\"https:\/\/www.souki-lodges.com\/en\/#organization\",\"name\":\"Souki Lodges\",\"url\":\"https:\/\/www.souki-lodges.com\/en\/\",\"logo\":{\"@type\":\"ImageObject\",\"inLanguage\":\"en-US\",\"@id\":\"https:\/\/www.souki-lodges.com\/en\/#\/schema\/logo\/image\/\",\"url\":\"https:\/\/www.souki-lodges.com\/wp-content\/uploads\/2021\/12\/EXE-LOGO_SOUKI-NOIR.png\",\"contentUrl\":\"https:\/\/www.souki-lodges.com\/wp-content\/uploads\/2021\/12\/EXE-LOGO_SOUKI-NOIR.png\",\"width\":1773,\"height\":1772,\"caption\":\"Souki Lodges\"},\"image\":{\"@id\":\"https:\/\/www.souki-lodges.com\/en\/#\/schema\/logo\/image\/\"},\"sameAs\":[\"https:\/\/www.facebook.com\/SoukiLodges\/\",\"https:\/\/www.instagram.com\/soukilodgesspa\/\"]}]}<\/script>\n<!-- \/ Yoast SEO plugin. -->","yoast_head_json":{"title":"~ Activities & Sightseeing | Weekend Occitanie | Souki Lodges &amp; Spa","description":"Official Website \u2705 Best rate in Direct: Visit the Occitanie during a weekend on an unusual stay at Souki Lodges & Spa in Cabri\u00e8res. Book on our website.","robots":{"index":"index","follow":"follow","max-snippet":"max-snippet:-1","max-image-preview":"max-image-preview:large","max-video-preview":"max-video-preview:-1"},"canonical":"https:\/\/www.souki-lodges.com\/en\/activities-and-sightseeing-weekend-occitanie\/","og_locale":"en_US","og_type":"article","og_title":"~ Activities & Sightseeing | Weekend Occitanie | Souki Lodges &amp; Spa","og_description":"Official Website \u2705 Best rate in Direct: Visit the Occitanie during a weekend on an unusual stay at Souki Lodges & Spa in Cabri\u00e8res. Book on our website.","og_url":"https:\/\/www.souki-lodges.com\/en\/activities-and-sightseeing-weekend-occitanie\/","og_site_name":"Souki Lodges &amp; Spa","article_publisher":"https:\/\/www.facebook.com\/SoukiLodges\/","article_modified_time":"2021-06-30T08:37:48+00:00","twitter_card":"summary_large_image","twitter_misc":{"Est. reading time":"6 minutes"},"schema":{"@context":"https:\/\/schema.org","@graph":[{"@type":"WebPage","@id":"https:\/\/www.souki-lodges.com\/en\/activities-and-sightseeing-weekend-occitanie\/","url":"https:\/\/www.souki-lodges.com\/en\/activities-and-sightseeing-weekend-occitanie\/","name":"~ Activities & Sightseeing | Weekend Occitanie | Souki Lodges &amp; Spa","isPartOf":{"@id":"https:\/\/www.souki-lodges.com\/en\/#website"},"datePublished":"2021-04-14T13:53:24+00:00","dateModified":"2021-06-30T08:37:48+00:00","description":"Official Website \u2705 Best rate in Direct: Visit the Occitanie during a weekend on an unusual stay at Souki Lodges & Spa in Cabri\u00e8res. Book on our website.","breadcrumb":{"@id":"https:\/\/www.souki-lodges.com\/en\/activities-and-sightseeing-weekend-occitanie\/#breadcrumb"},"inLanguage":"en-US","potentialAction":[{"@type":"ReadAction","target":["https:\/\/www.souki-lodges.com\/en\/activities-and-sightseeing-weekend-occitanie\/"]}]},{"@type":"BreadcrumbList","@id":"https:\/\/www.souki-lodges.com\/en\/activities-and-sightseeing-weekend-occitanie\/#breadcrumb","itemListElement":[{"@type":"ListItem","position":1,"name":"Home","item":"https:\/\/www.souki-lodges.com\/en\/"},{"@type":"ListItem","position":2,"name":"Activities &#038; Sightseeing"}]},{"@type":"WebSite","@id":"https:\/\/www.souki-lodges.com\/en\/#website","url":"https:\/\/www.souki-lodges.com\/en\/","name":"Souki Lodges &amp; Spa","description":"Lodges au c\u0153ur de la nature","publisher":{"@id":"https:\/\/www.souki-lodges.com\/en\/#organization"},"potentialAction":[{"@type":"SearchAction","target":{"@type":"EntryPoint","urlTemplate":"https:\/\/www.souki-lodges.com\/en\/?s={search_term_string}"},"query-input":"required name=search_term_string"}],"inLanguage":"en-US"},{"@type":"Organization","@id":"https:\/\/www.souki-lodges.com\/en\/#organization","name":"Souki Lodges","url":"https:\/\/www.souki-lodges.com\/en\/","logo":{"@type":"ImageObject","inLanguage":"en-US","@id":"https:\/\/www.souki-lodges.com\/en\/#\/schema\/logo\/image\/","url":"https:\/\/www.souki-lodges.com\/wp-content\/uploads\/2021\/12\/EXE-LOGO_SOUKI-NOIR.png","contentUrl":"https:\/\/www.souki-lodges.com\/wp-content\/uploads\/2021\/12\/EXE-LOGO_SOUKI-NOIR.png","width":1773,"height":1772,"caption":"Souki Lodges"},"image":{"@id":"https:\/\/www.souki-lodges.com\/en\/#\/schema\/logo\/image\/"},"sameAs":["https:\/\/www.facebook.com\/SoukiLodges\/","https:\/\/www.instagram.com\/soukilodgesspa\/"]}]}},"_links":{"self":[{"href":"https:\/\/www.souki-lodges.com\/en\/wp-json\/wp\/v2\/pages\/12030","targetHints":{"allow":["GET"]}}],"collection":[{"href":"https:\/\/www.souki-lodges.com\/en\/wp-json\/wp\/v2\/pages"}],"about":[{"href":"https:\/\/www.souki-lodges.com\/en\/wp-json\/wp\/v2\/types\/page"}],"author":[{"embeddable":true,"href":"https:\/\/www.souki-lodges.com\/en\/wp-json\/wp\/v2\/users\/1"}],"replies":[{"embeddable":true,"href":"https:\/\/www.souki-lodges.com\/en\/wp-json\/wp\/v2\/comments?post=12030"}],"version-history":[{"count":0,"href":"https:\/\/www.souki-lodges.com\/en\/wp-json\/wp\/v2\/pages\/12030\/revisions"}],"wp:attachment":[{"href":"https:\/\/www.souki-lodges.com\/en\/wp-json\/wp\/v2\/media?parent=12030"}],"curies":[{"name":"wp","href":"https:\/\/api.w.org\/{rel}","templated":true}]}}